{"id":727,"date":"2024-07-16T16:02:19","date_gmt":"2024-07-16T13:02:19","guid":{"rendered":"https:\/\/www.padeltennis.lt\/lt\/?page_id=727"},"modified":"2024-07-16T16:22:33","modified_gmt":"2024-07-16T13:22:33","slug":"test-page","status":"publish","type":"page","link":"https:\/\/www.padeltennis.lt\/lt\/test-page\/","title":{"rendered":"test page"},"content":{"rendered":"<p><\/p>\n<table class=\"table table-bordered\" style=\"height: 194px; width: 0%; background-color: ##5ea7d0;\">\n<thead>\n<tr style=\"height: 47px;\">\n<th style=\"width: 20.718162%; height: 47px; text-align: left;\">Laikas<\/th>\n<th style=\"width: 25.293283%; height: 47px; text-align: center;\">Vasaros sezono kaina<\/th>\n<th style=\"width: 25.441037%; height: 47px; text-align: center;\">\u017diemos sezono kaina<\/th>\n<th style=\"width: 523.702686%; height: 47px;\">\u017diemos sezono kaina su sutartimi<\/th>\n<\/tr>\n<\/thead>\n<tbody>\n<tr style=\"height: 23px;\">\n<td style=\"height: 23px; width: 71.452482%;\" colspan=\"3\"><strong>Darbo dienomis (I-V)<\/strong><\/td>\n<td style=\"width: 523.702686%; height: 23px;\"><strong>\u00a0<\/strong><\/td>\n<\/tr>\n<tr style=\"height: 23px;\">\n<td style=\"width: 20.718162%; height: 23px;\">7:00-17:00<\/td>\n<td style=\"width: 25.293283%; height: 23px; text-align: center;\">28 EUR\/val.<\/td>\n<td style=\"width: 25.441037%; height: 23px; text-align: center;\">28 EUR\/val.<\/td>\n<td style=\"width: 523.702686%; height: 23px; text-align: center;\">24 EUR\/val.<\/td>\n<\/tr>\n<tr style=\"height: 23px;\">\n<td style=\"width: 20.718162%; height: 23px;\">17:00-23:00<\/td>\n<td style=\"width: 25.293283%; height: 23px; text-align: center;\">36 EUR\/val.<\/td>\n<td style=\"width: 25.441037%; height: 23px; text-align: center;\">36 EUR\/val.<\/td>\n<td style=\"width: 523.702686%; height: 23px; text-align: center;\">32 EUR\/val.<\/td>\n<\/tr>\n<tr style=\"height: 23px;\">\n<td style=\"height: 23px; width: 71.452482%;\" colspan=\"3\"><strong>Savaitgaliais (VI-VII)<\/strong><\/td>\n<td style=\"width: 523.702686%; height: 23px; text-align: center;\"><strong>\u00a0<\/strong><\/td>\n<\/tr>\n<tr style=\"height: 23px;\">\n<td style=\"width: 20.718162%; height: 23px;\">8:00 &#8211; 22:00<\/td>\n<td style=\"width: 25.293283%; height: 23px; text-align: center;\">32 EUR\/val.<\/td>\n<td style=\"width: 25.441037%; height: 23px; text-align: center;\">32 EUR\/val.<\/td>\n<td style=\"width: 523.702686%; height: 23px; text-align: center;\">28 EUR\/val.<\/td>\n<\/tr>\n<\/tbody>\n<\/table>\n<div class=\"row py-4 align-items-center\">\n<div class=\"col-md-6 col-lg-7 mb-4 mb-md-0\">Minimalus rezervacijos laikas <em>\u2013 <\/em>30 min.<\/div>\n<div class=\"col-md-6 col-lg-5\"><a class=\"btn btn-lg btn-primary rounded-pill btn-block\" href=\"https:\/\/savitarna.padeltennis.lt\" target=\"_blank\" rel=\"noopener noreferrer\">Rezervuoti aik\u0161tel\u0119<\/a><\/div>\n<\/div>\n<div>\n<hr class=\"mb-4\" \/>\n<\/div>\n<h1><span class=\"OYPEnA text-decoration-none text-strikethrough-none\">Priimame parai\u0161kas rudens\/\u017eiemos sezono nuolatini\u0173 laik\u0173 rezervacijai.<\/span><\/h1>\n<h3><span class=\"OYPEnA text-decoration-none text-strikethrough-none\">Mok\u0117jimo s\u0105lygos:<\/span><\/h3>\n<p><span class=\"OYPEnA text-decoration-none text-strikethrough-none\">vis\u0105 sutarties laikotarp\u012f J\u016bs\u0173 s\u0105skaitoje turi b\u016bti pakankamai l\u0117\u0161\u0173 artimiausi\u0173 dviej\u0173 m\u0117nesi\u0173 rezervacijoms padengti (einamasis ir kitas m\u0117nuo).<\/span><\/p>\n<h3><span class=\"OYPEnA text-decoration-none text-strikethrough-none\">Privalumai:<\/span><\/h3>\n<ul>\n<li class=\"cvGsUA direction-ltr align-start para-style-body\"><span class=\"OYPEnA text-decoration-none text-strikethrough-none\">Sudarius sutart\u012f, Jums bus taikoma 4 \u20ac nuolaida aik\u0161tel\u0117s nuomai.<\/span><\/li>\n<li class=\"cvGsUA direction-ltr align-start para-style-body\">Tur\u0117site garantuot\u0105 aik\u0161tel\u0117s laik\u0105 Jums patogiu metu.<\/li>\n<\/ul>\n<h3><span class=\"OYPEnA text-decoration-none text-strikethrough-none\">Kaip sudaryti sutart\u012f?<\/span><\/h3>\n<ol>\n<li><span class=\"OYPEnA text-decoration-none text-strikethrough-none\">Kreipkit\u0117s info@padeltennis.lt d\u0117l \u017eiemos sezono rezervacijos.<\/span><\/li>\n<li><span class=\"OYPEnA text-decoration-none text-strikethrough-none\">Lai\u0161ke nurodykite pageidaujamus \u017eaidimo laikus.<\/span><\/li>\n<li><span class=\"OYPEnA text-decoration-none text-strikethrough-none\">Gaut\u0105 sutart\u012f pasira\u0161ykite elektroniniu para\u0161u.<\/span><\/li>\n<\/ol>\n<p class=\"cvGsUA direction-ltr align-start para-style-body\"><strong><span class=\"OYPEnA text-decoration-none text-strikethrough-none\">Parai\u0161kas galite teikti iki 2024 m. liepos 29 d.<br \/>\n<\/span><span class=\"OYPEnA text-decoration-none text-strikethrough-none\">Rezervacijos patvirtinimas iki 2024m. rugpj\u016b\u010dio 23d.<\/span><\/strong><\/p>\n<div>\n<hr class=\"mb-4\" \/>\n<\/div>\n<p><span style=\"font-size: 12pt;\"><em>Nuo 2024 05 01 rezervuot\u0105 kort\u0173 laik\u0105 galima at\u0161aukti likus ne ma\u017eiau nei 48 val. iki rezervuoto laiko prad\u017eios. Likus ma\u017eiau nei 48 val., \u0161i\u0105 rezervacij\u0105 galima \u012fkelti tik \u012f pardavim\u0173 skilt\u012f. Neparsidavus aik\u0161telei, pinigai \u012f s\u0105skaitos krep\u0161el\u012f sugr\u0105\u017einti nebus.\u00a0<\/em><\/span><\/p>\n<hr class=\"mb-4\" \/>\n<h3>Treniruot\u0117s grup\u0117se<\/h3>\n<p>Padelio paslaptis jums atskleis profesional\u016bs treneriai &#8211; m\u0117gstantiems aktyviai leisti laik\u0105 \u0161i sporto \u0161aka taps puikia alternatyva sporto klubui.<\/p>\n<h3>Jaunuoliams nuo 5 iki 17 met\u0173<\/h3>\n<ul>\n<li><span class=\"_4yxo\">Grup\u0117s dydis: 3-4 asmenys<\/span><\/li>\n<li><span class=\"_4yxo\">Treniruot\u0117s trukm\u0117: 1 val.<\/span><\/li>\n<li><span class=\"_4yxo\">Kaina asmeniui:<\/span>\n<ul>\n<li>1 apsilankymas per savait\u0119 90 EUR\/m\u0117n.<\/li>\n<li>2 apsilankymai per savait\u0119 150 EUR\/m\u0117n.<\/li>\n<\/ul>\n<\/li>\n<\/ul>\n<p>Norintys u\u017esiregistruoti \u012f grupines treniruotes, susisiekite su mumis el. pa\u0161tu <span style=\"text-decoration: underline;\">info@padeltennis.lt<\/span> arba telefonu <span style=\"text-decoration: underline;\">+370 664 900 97<\/span>.<\/p>\n<p>&nbsp;<\/p>","protected":false},"excerpt":{"rendered":"<p>Laikas Vasaros sezono kaina \u017diemos sezono kaina \u017diemos sezono kaina su sutartimi Darbo dienomis (I-V) \u00a0 7:00-17:00 28 EUR\/val. 28 EUR\/val. 24 EUR\/val. 17:00-23:00 36 EUR\/val. 36 EUR\/val. 32 EUR\/val. Savaitgaliais (VI-VII) \u00a0 8:00 &#8211; 22:00 32 EUR\/val. 32 EUR\/val. 28 EUR\/val. Minimalus rezervacijos laikas \u2013 30 min. Rezervuoti aik\u0161tel\u0119 Priimame parai\u0161kas rudens\/\u017eiemos sezono nuolatini\u0173 [&hellip;]<\/p>\n","protected":false},"author":1,"featured_media":0,"parent":0,"menu_order":0,"comment_status":"closed","ping_status":"closed","template":"","meta":[],"acf":[],"yoast_head":"<!-- This site is optimized with the Yoast SEO plugin v19.6.1 - https:\/\/yoast.com\/wordpress\/plugins\/seo\/ -->\n<title>test page - Padelio teniso arena<\/title>\n<meta name=\"robots\" content=\"index, follow, max-snippet:-1, max-image-preview:large, max-video-preview:-1\" \/>\n<link rel=\"canonical\" href=\"https:\/\/www.padeltennis.lt\/lt\/test-page\/\" \/>\n<meta property=\"og:locale\" content=\"lt_LT\" \/>\n<meta property=\"og:type\" content=\"article\" \/>\n<meta property=\"og:title\" content=\"test page - Padelio teniso arena\" \/>\n<meta property=\"og:description\" content=\"Laikas Vasaros sezono kaina \u017diemos sezono kaina \u017diemos sezono kaina su sutartimi Darbo dienomis (I-V) \u00a0 7:00-17:00 28 EUR\/val. 28 EUR\/val. 24 EUR\/val. 17:00-23:00 36 EUR\/val. 36 EUR\/val. 32 EUR\/val. Savaitgaliais (VI-VII) \u00a0 8:00 &#8211; 22:00 32 EUR\/val. 32 EUR\/val. 28 EUR\/val. Minimalus rezervacijos laikas \u2013 30 min. Rezervuoti aik\u0161tel\u0119 Priimame parai\u0161kas rudens\/\u017eiemos sezono nuolatini\u0173 [&hellip;]\" \/>\n<meta property=\"og:url\" content=\"https:\/\/www.padeltennis.lt\/lt\/test-page\/\" \/>\n<meta property=\"og:site_name\" content=\"Padelio teniso arena\" \/>\n<meta property=\"article:publisher\" content=\"https:\/\/www.facebook.com\/ptennis.lt\/\" \/>\n<meta property=\"article:modified_time\" content=\"2024-07-16T13:22:33+00:00\" \/>\n<meta property=\"og:image\" content=\"https:\/\/www.padeltennis.lt\/wp-content\/uploads\/2019\/10\/share-min.jpg\" \/>\n\t<meta property=\"og:image:width\" content=\"1200\" \/>\n\t<meta property=\"og:image:height\" content=\"630\" \/>\n\t<meta property=\"og:image:type\" content=\"image\/jpeg\" \/>\n<meta name=\"twitter:card\" content=\"summary_large_image\" \/>\n<meta name=\"twitter:label1\" content=\"Est. reading time\" \/>\n\t<meta name=\"twitter:data1\" content=\"2 minut\u0117s\" \/>\n<script type=\"application\/ld+json\" class=\"yoast-schema-graph\">{\"@context\":\"https:\/\/schema.org\",\"@graph\":[{\"@type\":\"WebPage\",\"@id\":\"https:\/\/www.padeltennis.lt\/lt\/test-page\/\",\"url\":\"https:\/\/www.padeltennis.lt\/lt\/test-page\/\",\"name\":\"test page - Padelio teniso arena\",\"isPartOf\":{\"@id\":\"https:\/\/www.padeltennis.lt\/lt\/#website\"},\"datePublished\":\"2024-07-16T13:02:19+00:00\",\"dateModified\":\"2024-07-16T13:22:33+00:00\",\"breadcrumb\":{\"@id\":\"https:\/\/www.padeltennis.lt\/lt\/test-page\/#breadcrumb\"},\"inLanguage\":\"lt-LT\",\"potentialAction\":[{\"@type\":\"ReadAction\",\"target\":[\"https:\/\/www.padeltennis.lt\/lt\/test-page\/\"]}]},{\"@type\":\"BreadcrumbList\",\"@id\":\"https:\/\/www.padeltennis.lt\/lt\/test-page\/#breadcrumb\",\"itemListElement\":[{\"@type\":\"ListItem\",\"position\":1,\"name\":\"Home\",\"item\":\"https:\/\/www.padeltennis.lt\/lt\/\"},{\"@type\":\"ListItem\",\"position\":2,\"name\":\"test page\"}]},{\"@type\":\"WebSite\",\"@id\":\"https:\/\/www.padeltennis.lt\/lt\/#website\",\"url\":\"https:\/\/www.padeltennis.lt\/lt\/\",\"name\":\"Padelio teniso arena\",\"description\":\"PadelTennis.lt\",\"potentialAction\":[{\"@type\":\"SearchAction\",\"target\":{\"@type\":\"EntryPoint\",\"urlTemplate\":\"https:\/\/www.padeltennis.lt\/lt\/?s={search_term_string}\"},\"query-input\":\"required name=search_term_string\"}],\"inLanguage\":\"lt-LT\"}]}<\/script>\n<!-- \/ Yoast SEO plugin. -->","yoast_head_json":{"title":"test page - Padelio teniso arena","robots":{"index":"index","follow":"follow","max-snippet":"max-snippet:-1","max-image-preview":"max-image-preview:large","max-video-preview":"max-video-preview:-1"},"canonical":"https:\/\/www.padeltennis.lt\/lt\/test-page\/","og_locale":"lt_LT","og_type":"article","og_title":"test page - Padelio teniso arena","og_description":"Laikas Vasaros sezono kaina \u017diemos sezono kaina \u017diemos sezono kaina su sutartimi Darbo dienomis (I-V) \u00a0 7:00-17:00 28 EUR\/val. 28 EUR\/val. 24 EUR\/val. 17:00-23:00 36 EUR\/val. 36 EUR\/val. 32 EUR\/val. Savaitgaliais (VI-VII) \u00a0 8:00 &#8211; 22:00 32 EUR\/val. 32 EUR\/val. 28 EUR\/val. Minimalus rezervacijos laikas \u2013 30 min. Rezervuoti aik\u0161tel\u0119 Priimame parai\u0161kas rudens\/\u017eiemos sezono nuolatini\u0173 [&hellip;]","og_url":"https:\/\/www.padeltennis.lt\/lt\/test-page\/","og_site_name":"Padelio teniso arena","article_publisher":"https:\/\/www.facebook.com\/ptennis.lt\/","article_modified_time":"2024-07-16T13:22:33+00:00","og_image":[{"width":1200,"height":630,"url":"https:\/\/www.padeltennis.lt\/wp-content\/uploads\/2019\/10\/share-min.jpg","type":"image\/jpeg"}],"twitter_card":"summary_large_image","twitter_misc":{"Est. reading time":"2 minut\u0117s"},"schema":{"@context":"https:\/\/schema.org","@graph":[{"@type":"WebPage","@id":"https:\/\/www.padeltennis.lt\/lt\/test-page\/","url":"https:\/\/www.padeltennis.lt\/lt\/test-page\/","name":"test page - Padelio teniso arena","isPartOf":{"@id":"https:\/\/www.padeltennis.lt\/lt\/#website"},"datePublished":"2024-07-16T13:02:19+00:00","dateModified":"2024-07-16T13:22:33+00:00","breadcrumb":{"@id":"https:\/\/www.padeltennis.lt\/lt\/test-page\/#breadcrumb"},"inLanguage":"lt-LT","potentialAction":[{"@type":"ReadAction","target":["https:\/\/www.padeltennis.lt\/lt\/test-page\/"]}]},{"@type":"BreadcrumbList","@id":"https:\/\/www.padeltennis.lt\/lt\/test-page\/#breadcrumb","itemListElement":[{"@type":"ListItem","position":1,"name":"Home","item":"https:\/\/www.padeltennis.lt\/lt\/"},{"@type":"ListItem","position":2,"name":"test page"}]},{"@type":"WebSite","@id":"https:\/\/www.padeltennis.lt\/lt\/#website","url":"https:\/\/www.padeltennis.lt\/lt\/","name":"Padelio teniso arena","description":"PadelTennis.lt","potentialAction":[{"@type":"SearchAction","target":{"@type":"EntryPoint","urlTemplate":"https:\/\/www.padeltennis.lt\/lt\/?s={search_term_string}"},"query-input":"required name=search_term_string"}],"inLanguage":"lt-LT"}]}},"_links":{"self":[{"href":"https:\/\/www.padeltennis.lt\/lt\/wp-json\/wp\/v2\/pages\/727"}],"collection":[{"href":"https:\/\/www.padeltennis.lt\/lt\/wp-json\/wp\/v2\/pages"}],"about":[{"href":"https:\/\/www.padeltennis.lt\/lt\/wp-json\/wp\/v2\/types\/page"}],"author":[{"embeddable":true,"href":"https:\/\/www.padeltennis.lt\/lt\/wp-json\/wp\/v2\/users\/1"}],"replies":[{"embeddable":true,"href":"https:\/\/www.padeltennis.lt\/lt\/wp-json\/wp\/v2\/comments?post=727"}],"version-history":[{"count":12,"href":"https:\/\/www.padeltennis.lt\/lt\/wp-json\/wp\/v2\/pages\/727\/revisions"}],"predecessor-version":[{"id":743,"href":"https:\/\/www.padeltennis.lt\/lt\/wp-json\/wp\/v2\/pages\/727\/revisions\/743"}],"wp:attachment":[{"href":"https:\/\/www.padeltennis.lt\/lt\/wp-json\/wp\/v2\/media?parent=727"}],"curies":[{"name":"wp","href":"https:\/\/api.w.org\/{rel}","templated":true}]}}