{"id":7,"date":"2019-10-16T09:52:03","date_gmt":"2019-10-16T11:52:03","guid":{"rendered":"https:\/\/www.padeltennis.lt\/?page_id=7"},"modified":"2024-07-16T16:50:25","modified_gmt":"2024-07-16T13:50:25","slug":"duk","status":"publish","type":"page","link":"https:\/\/www.padeltennis.lt\/lt\/duk\/","title":{"rendered":"D.U.K."},"content":{"rendered":"<p><\/p>\n<h4>Kiek kainuoja aik\u0161tel\u0117s nuoma? Trenerio paslaugos?<\/h4>\n<p>I\u0161sinuomoti padelio teniso aik\u0161tel\u0119 valandai kainuoja 24-32 Eur\/val. vasar\u0105, 28-32 Eur\/val. \u017eiem\u0105 (pasira\u0161ius sutart\u012f, taikoma 4 Eur nuolaida). Minimalus nuomos laikas 30 min. Piln\u0105 kainora\u0161t\u012f, kartu su padelio teniso treneri\u0173 kainomis, rasite <a href=\"https:\/\/www.padeltennis.lt\/kainorastis\/\">\u010dia<\/a>.<\/p>\n<h4>Kaip rezervuoti Padelio Teniso aik\u0161tel\u0119? Ar j\u012f galima \u017eaisti rytais? Dienos metu?<\/h4>\n<p>Taip, galite \u017eaisti ir ryte, ir dienos metu, ir vakare. Darbo dienomis nuo 07:00 iki 23:00. Savaitgaliais nuo 08:00 iki 22:00. Padelio Teniso aik\u0161tel\u0119 galite rezervuoti internetu spausdami <a href=\"https:\/\/savitarna.padeltennis.lt\" target=\"_blank\" rel=\"noopener noreferrer\">\u010dia<\/a>, arba skambinkite telefonu <a href=\"tel:+37066490097\">+370 664 90097<\/a><\/p>\n<h4>Kiek \u017emoni\u0173 reikia padelio teniso \u017eaidimui \u017eaisti?<\/h4>\n<p>Pagal taisykles padelio tenisas \u017eaid\u017eiamas keturiese. Ta\u010diau, jei norite, galite \u017eaisti ir dviese. Tai gali b\u016bti j\u016bs\u0173 draugai, bendradarbiai, vaikai&#8230;<\/p>\n<h4>Kas gali \u017eaisti padelio tenis\u0105?<\/h4>\n<p>Padelio tenis\u0105 gali \u017eaisti vaikai nuo 4 met\u0173, moterys, vyrai, senjorai. Padelio Teniso Arenoje pradedan\u010diuosius \u017eaid\u0117jus ir \u017eaid\u0117jas gali apmokyti profesional\u016bs treneriai, kurie yra esami arba buv\u0119 lauko bei padelio teniso \u010dempionai. Padelio teniso kurs\u0173 grupes (vaikams; moterims; vyrams) rasite <a href=\"https:\/\/www.padeltennis.lt\/kainorastis\/\">\u010dia<\/a>.<\/p>\n<h4>Ar padelio tenisas tinkamas laisvalaikio u\u017esi\u0117mimas vaikams?<\/h4>\n<p>Taip. Padelio tenisas \u017eaid\u017eiamas keturiese, komandomis po du. \u017daidimo metu ugdoma koordinacija, komandi\u0161kumas, strateginis m\u0105stymas. Neminint to, kad be proto smagu. Tikrai! Padelio teniso kurs\u0173 grupes rasite \u010dia.<\/p>\n<h4>Niekada nesu rankoje laik\u0119s(-iusi) teniso raket\u0117s. Ar padelio tenisas man?<\/h4>\n<p>Jeigu m\u0117gstate aktyv\u0173 laisvalaik\u012f, taip. Padelio tenisas yra labai greitai perprantamas \u017eaidimas. Po 10-15 u\u017esi\u0117mim\u0173 jau galima pilnaverti\u0161kai dalyvauti m\u0117g\u0117j\u0173 var\u017eybose. O raketes ir kamuoliukus galima i\u0161sinuomoti m\u016bs\u0173 arenoje.<\/p>\n<h4>Kiek sveria Padelio teniso raket\u0117?<\/h4>\n<div class=\"page\" title=\"Page 7\">\n<div class=\"layoutArea\">\n<div class=\"column\">\n<p>Daugelio rake\u010di\u0173 svoris yra nuo 365 iki 396 gram\u0173.<\/p>\n<\/div>\n<\/div>\n<\/div>\n<h4>\u017daid\u017eiu lauko tenis\u0105. Ar padelio tenisas man patiks?<\/h4>\n<p>Jei padelio tenisas patinka pirmosioms pasaulio lauko teniso raket\u0117ms (Rafaeliui Nadaliui, D\u017eeimiui Miur\u0117jui, Novakui Djokovi\u010diui), Lietuvos antrajai raketei Laurynui Grigeliui bei de\u0161imtims milijon\u0173 kit\u0173 \u017eaid\u0117j\u0173, manome, padelio tenisas patiks ir Jums. \u0160is sportas labai pana\u0161us \u012f lauko tenis\u0105, tik linksmesnis, greitesnis, aktyvesnis.<\/p>\n<h4>Ko galiu tik\u0117tis i\u0161 pirm\u0173 \u017eaidim\u0173?<\/h4>\n<p>Susidom\u0117jimo. U\u017esidegusi\u0173 aki\u0173. Juoko. Galb\u016bt azarti\u0161k\u0173 riksm\u0173.<\/p>\n<h4>Kokios yra padelio teniso taisykl\u0117s?<\/h4>\n<p>Padelio teniso taisykl\u0117s labai pana\u0161ios \u012f lauko teniso taisykles. Ta\u0161kai skai\u010diuojami 15\/0, 30\/0 ir t.t. O \u017eaidimui laim\u0117ti reikia i\u0161lo\u0161ti 2 setus iki 6 geim\u0173. Did\u017eiausias skirtumas tas, kad padelio teniso aik\u0161tel\u0117 turi sienas, \u012f kurias atsitrenk\u0119s kamuoliukas gali b\u016bti toliau mu\u0161amas. Taip pat padelio tenisui naudojamos kietos raket\u0117s (be styg\u0173); jos yra kiek ma\u017eesn\u0117s, tod\u0117l lengviau valdomos. Visas taisykles skaitykite <a href=\"https:\/\/www.padeltennis.lt\/padelio-zaidimo-taisykles\/\">\u010dia<\/a>. Taisykles taip pat rasite m\u016bs\u0173 Arenoje.<\/p>\n<h4>Koki\u0173 \u012franki\u0173 reikia padelio tenisui?<\/h4>\n<p>Patogi\u0173, \u0161vari\u0173 bateli\u0173 ir sportin\u0117s aprangos. Raketes ir kamuoliukus nuomojame vietoje, taip pat turime ir sporto inventoriaus parduotuv\u0119.<\/p>","protected":false},"excerpt":{"rendered":"<p>Kiek kainuoja aik\u0161tel\u0117s nuoma? Trenerio paslaugos? I\u0161sinuomoti padelio teniso aik\u0161tel\u0119 valandai kainuoja 24-32 Eur\/val. vasar\u0105, 28-32 Eur\/val. \u017eiem\u0105 (pasira\u0161ius sutart\u012f, taikoma 4 Eur nuolaida). Minimalus nuomos laikas 30 min. Piln\u0105 kainora\u0161t\u012f, kartu su padelio teniso treneri\u0173 kainomis, rasite \u010dia. Kaip rezervuoti Padelio Teniso aik\u0161tel\u0119? Ar j\u012f galima \u017eaisti rytais? Dienos metu? Taip, galite \u017eaisti ir [&hellip;]<\/p>\n","protected":false},"author":1,"featured_media":0,"parent":0,"menu_order":0,"comment_status":"closed","ping_status":"closed","template":"faq.php","meta":[],"acf":[],"yoast_head":"<!-- This site is optimized with the Yoast SEO plugin v19.6.1 - https:\/\/yoast.com\/wordpress\/plugins\/seo\/ -->\n<title>D.U.K. - Padelio teniso arena<\/title>\n<meta name=\"robots\" content=\"index, follow, max-snippet:-1, max-image-preview:large, max-video-preview:-1\" \/>\n<link rel=\"canonical\" href=\"https:\/\/www.padeltennis.lt\/lt\/duk\/\" \/>\n<meta property=\"og:locale\" content=\"lt_LT\" \/>\n<meta property=\"og:type\" content=\"article\" \/>\n<meta property=\"og:title\" content=\"D.U.K. - Padelio teniso arena\" \/>\n<meta property=\"og:description\" content=\"Kiek kainuoja aik\u0161tel\u0117s nuoma? Trenerio paslaugos? I\u0161sinuomoti padelio teniso aik\u0161tel\u0119 valandai kainuoja 24-32 Eur\/val. vasar\u0105, 28-32 Eur\/val. \u017eiem\u0105 (pasira\u0161ius sutart\u012f, taikoma 4 Eur nuolaida). Minimalus nuomos laikas 30 min. Piln\u0105 kainora\u0161t\u012f, kartu su padelio teniso treneri\u0173 kainomis, rasite \u010dia. Kaip rezervuoti Padelio Teniso aik\u0161tel\u0119? Ar j\u012f galima \u017eaisti rytais? Dienos metu? Taip, galite \u017eaisti ir [&hellip;]\" \/>\n<meta property=\"og:url\" content=\"https:\/\/www.padeltennis.lt\/lt\/duk\/\" \/>\n<meta property=\"og:site_name\" content=\"Padelio teniso arena\" \/>\n<meta property=\"article:publisher\" content=\"https:\/\/www.facebook.com\/ptennis.lt\/\" \/>\n<meta property=\"article:modified_time\" content=\"2024-07-16T13:50:25+00:00\" \/>\n<meta property=\"og:image\" content=\"https:\/\/www.padeltennis.lt\/wp-content\/uploads\/2019\/10\/share-min.jpg\" \/>\n\t<meta property=\"og:image:width\" content=\"1200\" \/>\n\t<meta property=\"og:image:height\" content=\"630\" \/>\n\t<meta property=\"og:image:type\" content=\"image\/jpeg\" \/>\n<meta name=\"twitter:card\" content=\"summary_large_image\" \/>\n<meta name=\"twitter:label1\" content=\"Est. reading time\" \/>\n\t<meta name=\"twitter:data1\" content=\"3 minut\u0117s\" \/>\n<script type=\"application\/ld+json\" class=\"yoast-schema-graph\">{\"@context\":\"https:\/\/schema.org\",\"@graph\":[{\"@type\":\"WebPage\",\"@id\":\"https:\/\/www.padeltennis.lt\/lt\/duk\/\",\"url\":\"https:\/\/www.padeltennis.lt\/lt\/duk\/\",\"name\":\"D.U.K. - Padelio teniso arena\",\"isPartOf\":{\"@id\":\"https:\/\/www.padeltennis.lt\/lt\/#website\"},\"datePublished\":\"2019-10-16T11:52:03+00:00\",\"dateModified\":\"2024-07-16T13:50:25+00:00\",\"breadcrumb\":{\"@id\":\"https:\/\/www.padeltennis.lt\/lt\/duk\/#breadcrumb\"},\"inLanguage\":\"lt-LT\",\"potentialAction\":[{\"@type\":\"ReadAction\",\"target\":[\"https:\/\/www.padeltennis.lt\/lt\/duk\/\"]}]},{\"@type\":\"BreadcrumbList\",\"@id\":\"https:\/\/www.padeltennis.lt\/lt\/duk\/#breadcrumb\",\"itemListElement\":[{\"@type\":\"ListItem\",\"position\":1,\"name\":\"Home\",\"item\":\"https:\/\/www.padeltennis.lt\/lt\/\"},{\"@type\":\"ListItem\",\"position\":2,\"name\":\"D.U.K.\"}]},{\"@type\":\"WebSite\",\"@id\":\"https:\/\/www.padeltennis.lt\/lt\/#website\",\"url\":\"https:\/\/www.padeltennis.lt\/lt\/\",\"name\":\"Padelio teniso arena\",\"description\":\"PadelTennis.lt\",\"potentialAction\":[{\"@type\":\"SearchAction\",\"target\":{\"@type\":\"EntryPoint\",\"urlTemplate\":\"https:\/\/www.padeltennis.lt\/lt\/?s={search_term_string}\"},\"query-input\":\"required name=search_term_string\"}],\"inLanguage\":\"lt-LT\"}]}<\/script>\n<!-- \/ Yoast SEO plugin. -->","yoast_head_json":{"title":"D.U.K. - Padelio teniso arena","robots":{"index":"index","follow":"follow","max-snippet":"max-snippet:-1","max-image-preview":"max-image-preview:large","max-video-preview":"max-video-preview:-1"},"canonical":"https:\/\/www.padeltennis.lt\/lt\/duk\/","og_locale":"lt_LT","og_type":"article","og_title":"D.U.K. - Padelio teniso arena","og_description":"Kiek kainuoja aik\u0161tel\u0117s nuoma? Trenerio paslaugos? I\u0161sinuomoti padelio teniso aik\u0161tel\u0119 valandai kainuoja 24-32 Eur\/val. vasar\u0105, 28-32 Eur\/val. \u017eiem\u0105 (pasira\u0161ius sutart\u012f, taikoma 4 Eur nuolaida). Minimalus nuomos laikas 30 min. Piln\u0105 kainora\u0161t\u012f, kartu su padelio teniso treneri\u0173 kainomis, rasite \u010dia. Kaip rezervuoti Padelio Teniso aik\u0161tel\u0119? Ar j\u012f galima \u017eaisti rytais? Dienos metu? Taip, galite \u017eaisti ir [&hellip;]","og_url":"https:\/\/www.padeltennis.lt\/lt\/duk\/","og_site_name":"Padelio teniso arena","article_publisher":"https:\/\/www.facebook.com\/ptennis.lt\/","article_modified_time":"2024-07-16T13:50:25+00:00","og_image":[{"width":1200,"height":630,"url":"https:\/\/www.padeltennis.lt\/wp-content\/uploads\/2019\/10\/share-min.jpg","type":"image\/jpeg"}],"twitter_card":"summary_large_image","twitter_misc":{"Est. reading time":"3 minut\u0117s"},"schema":{"@context":"https:\/\/schema.org","@graph":[{"@type":"WebPage","@id":"https:\/\/www.padeltennis.lt\/lt\/duk\/","url":"https:\/\/www.padeltennis.lt\/lt\/duk\/","name":"D.U.K. - Padelio teniso arena","isPartOf":{"@id":"https:\/\/www.padeltennis.lt\/lt\/#website"},"datePublished":"2019-10-16T11:52:03+00:00","dateModified":"2024-07-16T13:50:25+00:00","breadcrumb":{"@id":"https:\/\/www.padeltennis.lt\/lt\/duk\/#breadcrumb"},"inLanguage":"lt-LT","potentialAction":[{"@type":"ReadAction","target":["https:\/\/www.padeltennis.lt\/lt\/duk\/"]}]},{"@type":"BreadcrumbList","@id":"https:\/\/www.padeltennis.lt\/lt\/duk\/#breadcrumb","itemListElement":[{"@type":"ListItem","position":1,"name":"Home","item":"https:\/\/www.padeltennis.lt\/lt\/"},{"@type":"ListItem","position":2,"name":"D.U.K."}]},{"@type":"WebSite","@id":"https:\/\/www.padeltennis.lt\/lt\/#website","url":"https:\/\/www.padeltennis.lt\/lt\/","name":"Padelio teniso arena","description":"PadelTennis.lt","potentialAction":[{"@type":"SearchAction","target":{"@type":"EntryPoint","urlTemplate":"https:\/\/www.padeltennis.lt\/lt\/?s={search_term_string}"},"query-input":"required name=search_term_string"}],"inLanguage":"lt-LT"}]}},"_links":{"self":[{"href":"https:\/\/www.padeltennis.lt\/lt\/wp-json\/wp\/v2\/pages\/7"}],"collection":[{"href":"https:\/\/www.padeltennis.lt\/lt\/wp-json\/wp\/v2\/pages"}],"about":[{"href":"https:\/\/www.padeltennis.lt\/lt\/wp-json\/wp\/v2\/types\/page"}],"author":[{"embeddable":true,"href":"https:\/\/www.padeltennis.lt\/lt\/wp-json\/wp\/v2\/users\/1"}],"replies":[{"embeddable":true,"href":"https:\/\/www.padeltennis.lt\/lt\/wp-json\/wp\/v2\/comments?post=7"}],"version-history":[{"count":27,"href":"https:\/\/www.padeltennis.lt\/lt\/wp-json\/wp\/v2\/pages\/7\/revisions"}],"predecessor-version":[{"id":748,"href":"https:\/\/www.padeltennis.lt\/lt\/wp-json\/wp\/v2\/pages\/7\/revisions\/748"}],"wp:attachment":[{"href":"https:\/\/www.padeltennis.lt\/lt\/wp-json\/wp\/v2\/media?parent=7"}],"curies":[{"name":"wp","href":"https:\/\/api.w.org\/{rel}","templated":true}]}}