{"id":64,"date":"2019-10-18T16:34:02","date_gmt":"2019-10-18T18:34:02","guid":{"rendered":"https:\/\/www.padeltennis.lt\/?page_id=64"},"modified":"2026-04-28T09:45:54","modified_gmt":"2026-04-28T06:45:54","slug":"apie-mus","status":"publish","type":"page","link":"https:\/\/www.padeltennis.lt\/lt\/padelio-teniso-akademija\/","title":{"rendered":"Akademija"},"content":{"rendered":"<p><\/p>\n<p class=\"lead\">Mes &#8211; \u201ePadelio akademija\u201c, did\u017eiausio Padelio teniso aik\u0161tyno Lietuvoje atstovai.<\/p>\n<p>M\u016bs\u0173 tikslas &#8211; skatinti \u0161ios sporto \u0161akos populiarum\u0105 Lietuvoje, vystyti sveik\u0105 ir linksm\u0105 gyvensen\u0105, bei ugdyti pradedan\u010diuosius Padelio \u017eaid\u0117jus.<\/p>\n<p>Vienas i\u0161 m\u016bs\u0173 aik\u0161tyno \u0161\u016bki\u0173 &#8211; <strong>\u201eVienas aik\u0161tel\u0117je \u2013 ne karys!\u201c<\/strong>. Taip yra tod\u0117l, kad \u0161is sportas yra \u017eaid\u017eiamas poromis, b\u016btent d\u0117l to Padelis yra stipriai ugdantis komandin\u012f bendradarbiavim\u0105 sportas.<\/p>","protected":false},"excerpt":{"rendered":"<p>Mes &#8211; \u201ePadelio akademija\u201c, did\u017eiausio Padelio teniso aik\u0161tyno Lietuvoje atstovai. M\u016bs\u0173 tikslas &#8211; skatinti \u0161ios sporto \u0161akos populiarum\u0105 Lietuvoje, vystyti sveik\u0105 ir linksm\u0105 gyvensen\u0105, bei ugdyti pradedan\u010diuosius Padelio \u017eaid\u0117jus. Vienas i\u0161 m\u016bs\u0173 aik\u0161tyno \u0161\u016bki\u0173 &#8211; \u201eVienas aik\u0161tel\u0117je \u2013 ne karys!\u201c. Taip yra tod\u0117l, kad \u0161is sportas yra \u017eaid\u017eiamas poromis, b\u016btent d\u0117l to Padelis yra stipriai [&hellip;]<\/p>\n","protected":false},"author":1,"featured_media":448,"parent":0,"menu_order":0,"comment_status":"closed","ping_status":"closed","template":"academy.php","meta":[],"acf":[],"yoast_head":"<!-- This site is optimized with the Yoast SEO plugin v19.6.1 - https:\/\/yoast.com\/wordpress\/plugins\/seo\/ -->\n<title>Akademija - Padelio teniso arena<\/title>\n<meta name=\"robots\" content=\"index, follow, max-snippet:-1, max-image-preview:large, max-video-preview:-1\" \/>\n<link rel=\"canonical\" href=\"https:\/\/www.padeltennis.lt\/lt\/padelio-teniso-akademija\/\" \/>\n<meta property=\"og:locale\" content=\"lt_LT\" \/>\n<meta property=\"og:type\" content=\"article\" \/>\n<meta property=\"og:title\" content=\"Akademija - Padelio teniso arena\" \/>\n<meta property=\"og:description\" content=\"Mes &#8211; \u201ePadelio akademija\u201c, did\u017eiausio Padelio teniso aik\u0161tyno Lietuvoje atstovai. M\u016bs\u0173 tikslas &#8211; skatinti \u0161ios sporto \u0161akos populiarum\u0105 Lietuvoje, vystyti sveik\u0105 ir linksm\u0105 gyvensen\u0105, bei ugdyti pradedan\u010diuosius Padelio \u017eaid\u0117jus. Vienas i\u0161 m\u016bs\u0173 aik\u0161tyno \u0161\u016bki\u0173 &#8211; \u201eVienas aik\u0161tel\u0117je \u2013 ne karys!\u201c. Taip yra tod\u0117l, kad \u0161is sportas yra \u017eaid\u017eiamas poromis, b\u016btent d\u0117l to Padelis yra stipriai [&hellip;]\" \/>\n<meta property=\"og:url\" content=\"https:\/\/www.padeltennis.lt\/lt\/padelio-teniso-akademija\/\" \/>\n<meta property=\"og:site_name\" content=\"Padelio teniso arena\" \/>\n<meta property=\"article:publisher\" content=\"https:\/\/www.facebook.com\/ptennis.lt\/\" \/>\n<meta property=\"article:modified_time\" content=\"2026-04-28T06:45:54+00:00\" \/>\n<meta property=\"og:image\" content=\"https:\/\/www.padeltennis.lt\/wp-content\/uploads\/2019\/11\/padel-tennis-akademija.jpg\" \/>\n\t<meta property=\"og:image:width\" content=\"1654\" \/>\n\t<meta property=\"og:image:height\" content=\"1132\" \/>\n\t<meta property=\"og:image:type\" content=\"image\/jpeg\" \/>\n<meta name=\"twitter:card\" content=\"summary_large_image\" \/>\n<meta name=\"twitter:label1\" content=\"Est. reading time\" \/>\n\t<meta name=\"twitter:data1\" content=\"1 minut\u0117\" \/>\n<script type=\"application\/ld+json\" class=\"yoast-schema-graph\">{\"@context\":\"https:\/\/schema.org\",\"@graph\":[{\"@type\":\"WebPage\",\"@id\":\"https:\/\/www.padeltennis.lt\/lt\/padelio-teniso-akademija\/\",\"url\":\"https:\/\/www.padeltennis.lt\/lt\/padelio-teniso-akademija\/\",\"name\":\"Akademija - Padelio teniso arena\",\"isPartOf\":{\"@id\":\"https:\/\/www.padeltennis.lt\/lt\/#website\"},\"datePublished\":\"2019-10-18T18:34:02+00:00\",\"dateModified\":\"2026-04-28T06:45:54+00:00\",\"breadcrumb\":{\"@id\":\"https:\/\/www.padeltennis.lt\/lt\/padelio-teniso-akademija\/#breadcrumb\"},\"inLanguage\":\"lt-LT\",\"potentialAction\":[{\"@type\":\"ReadAction\",\"target\":[\"https:\/\/www.padeltennis.lt\/lt\/padelio-teniso-akademija\/\"]}]},{\"@type\":\"BreadcrumbList\",\"@id\":\"https:\/\/www.padeltennis.lt\/lt\/padelio-teniso-akademija\/#breadcrumb\",\"itemListElement\":[{\"@type\":\"ListItem\",\"position\":1,\"name\":\"Home\",\"item\":\"https:\/\/www.padeltennis.lt\/lt\/\"},{\"@type\":\"ListItem\",\"position\":2,\"name\":\"Akademija\"}]},{\"@type\":\"WebSite\",\"@id\":\"https:\/\/www.padeltennis.lt\/lt\/#website\",\"url\":\"https:\/\/www.padeltennis.lt\/lt\/\",\"name\":\"Padelio teniso arena\",\"description\":\"PadelTennis.lt\",\"potentialAction\":[{\"@type\":\"SearchAction\",\"target\":{\"@type\":\"EntryPoint\",\"urlTemplate\":\"https:\/\/www.padeltennis.lt\/lt\/?s={search_term_string}\"},\"query-input\":\"required name=search_term_string\"}],\"inLanguage\":\"lt-LT\"}]}<\/script>\n<!-- \/ Yoast SEO plugin. -->","yoast_head_json":{"title":"Akademija - Padelio teniso arena","robots":{"index":"index","follow":"follow","max-snippet":"max-snippet:-1","max-image-preview":"max-image-preview:large","max-video-preview":"max-video-preview:-1"},"canonical":"https:\/\/www.padeltennis.lt\/lt\/padelio-teniso-akademija\/","og_locale":"lt_LT","og_type":"article","og_title":"Akademija - Padelio teniso arena","og_description":"Mes &#8211; \u201ePadelio akademija\u201c, did\u017eiausio Padelio teniso aik\u0161tyno Lietuvoje atstovai. M\u016bs\u0173 tikslas &#8211; skatinti \u0161ios sporto \u0161akos populiarum\u0105 Lietuvoje, vystyti sveik\u0105 ir linksm\u0105 gyvensen\u0105, bei ugdyti pradedan\u010diuosius Padelio \u017eaid\u0117jus. Vienas i\u0161 m\u016bs\u0173 aik\u0161tyno \u0161\u016bki\u0173 &#8211; \u201eVienas aik\u0161tel\u0117je \u2013 ne karys!\u201c. Taip yra tod\u0117l, kad \u0161is sportas yra \u017eaid\u017eiamas poromis, b\u016btent d\u0117l to Padelis yra stipriai [&hellip;]","og_url":"https:\/\/www.padeltennis.lt\/lt\/padelio-teniso-akademija\/","og_site_name":"Padelio teniso arena","article_publisher":"https:\/\/www.facebook.com\/ptennis.lt\/","article_modified_time":"2026-04-28T06:45:54+00:00","og_image":[{"width":1654,"height":1132,"url":"https:\/\/www.padeltennis.lt\/wp-content\/uploads\/2019\/11\/padel-tennis-akademija.jpg","type":"image\/jpeg"}],"twitter_card":"summary_large_image","twitter_misc":{"Est. reading time":"1 minut\u0117"},"schema":{"@context":"https:\/\/schema.org","@graph":[{"@type":"WebPage","@id":"https:\/\/www.padeltennis.lt\/lt\/padelio-teniso-akademija\/","url":"https:\/\/www.padeltennis.lt\/lt\/padelio-teniso-akademija\/","name":"Akademija - Padelio teniso arena","isPartOf":{"@id":"https:\/\/www.padeltennis.lt\/lt\/#website"},"datePublished":"2019-10-18T18:34:02+00:00","dateModified":"2026-04-28T06:45:54+00:00","breadcrumb":{"@id":"https:\/\/www.padeltennis.lt\/lt\/padelio-teniso-akademija\/#breadcrumb"},"inLanguage":"lt-LT","potentialAction":[{"@type":"ReadAction","target":["https:\/\/www.padeltennis.lt\/lt\/padelio-teniso-akademija\/"]}]},{"@type":"BreadcrumbList","@id":"https:\/\/www.padeltennis.lt\/lt\/padelio-teniso-akademija\/#breadcrumb","itemListElement":[{"@type":"ListItem","position":1,"name":"Home","item":"https:\/\/www.padeltennis.lt\/lt\/"},{"@type":"ListItem","position":2,"name":"Akademija"}]},{"@type":"WebSite","@id":"https:\/\/www.padeltennis.lt\/lt\/#website","url":"https:\/\/www.padeltennis.lt\/lt\/","name":"Padelio teniso arena","description":"PadelTennis.lt","potentialAction":[{"@type":"SearchAction","target":{"@type":"EntryPoint","urlTemplate":"https:\/\/www.padeltennis.lt\/lt\/?s={search_term_string}"},"query-input":"required name=search_term_string"}],"inLanguage":"lt-LT"}]}},"_links":{"self":[{"href":"https:\/\/www.padeltennis.lt\/lt\/wp-json\/wp\/v2\/pages\/64"}],"collection":[{"href":"https:\/\/www.padeltennis.lt\/lt\/wp-json\/wp\/v2\/pages"}],"about":[{"href":"https:\/\/www.padeltennis.lt\/lt\/wp-json\/wp\/v2\/types\/page"}],"author":[{"embeddable":true,"href":"https:\/\/www.padeltennis.lt\/lt\/wp-json\/wp\/v2\/users\/1"}],"replies":[{"embeddable":true,"href":"https:\/\/www.padeltennis.lt\/lt\/wp-json\/wp\/v2\/comments?post=64"}],"version-history":[{"count":81,"href":"https:\/\/www.padeltennis.lt\/lt\/wp-json\/wp\/v2\/pages\/64\/revisions"}],"predecessor-version":[{"id":895,"href":"https:\/\/www.padeltennis.lt\/lt\/wp-json\/wp\/v2\/pages\/64\/revisions\/895"}],"wp:featuredmedia":[{"embeddable":true,"href":"https:\/\/www.padeltennis.lt\/lt\/wp-json\/wp\/v2\/media\/448"}],"wp:attachment":[{"href":"https:\/\/www.padeltennis.lt\/lt\/wp-json\/wp\/v2\/media?parent=64"}],"curies":[{"name":"wp","href":"https:\/\/api.w.org\/{rel}","templated":true}]}}