{"id":34,"date":"2019-10-16T11:03:35","date_gmt":"2019-10-16T13:03:35","guid":{"rendered":"https:\/\/www.padeltennis.lt\/?page_id=34"},"modified":"2022-04-14T15:41:16","modified_gmt":"2022-04-14T12:41:16","slug":"privatumo-politika","status":"publish","type":"page","link":"https:\/\/www.padeltennis.lt\/lt\/privatumo-politika\/","title":{"rendered":"Privatumo politika"},"content":{"rendered":"<p>UAB \u201ePadelio akademija\u201c r\u016bpinasi J\u016bs\u0173 informacijos apsauga ir laikosi Europos S\u0105jungos Bendrojo duomen\u0173 apsaugos reglamento (GDPR) bei kit\u0173 \u012fstatym\u0173, saugan\u010di\u0173 J\u016bs\u0173 informacij\u0105. Nor\u0117dami su\u017einoti daugiau, atid\u017eiai perskaitykite \u0161\u012f prane\u0161im\u0105.<\/p>\n<h4>1. Kaip tur\u0117\u010diau skaityti \u0161\u012f prane\u0161im\u0105?<\/h4>\n<p>\u0160iame prane\u0161ime bus atsakyta \u012f svarbiausius klausimus apie tai, kaip mes renkame, naudojame ir saugome informacij\u0105 apie Jus \u0161ioje interneto svetain\u0117je. Jei turite koki\u0173 nors klausim\u0173 arba bet kuri i\u0161 \u0161io prane\u0161imo dalis yra neai\u0161ki, mes esame pasireng\u0119 Jums pad\u0117ti taip, kaip apra\u0161yta \u0161io prane\u0161imo 15 dalyje. Pra\u0161ome atkreipti d\u0117mes\u012f, kad bet kokia \u017eod\u017eio \u201emes\u201c forma \u0161iame prane\u0161ime rei\u0161kia m\u016bs\u0173 \u012emon\u0119, kaip nurodyta \u0161io prane\u0161imo 2 skyriuje.<\/p>\n<h4>2. Kas yra atsakingas u\u017e mano informacijos apsaug\u0105?<\/h4>\n<p>Mes esame: UAB \u201ePadelio akademija\u201c, \u012fmon\u0117s kodas: 306028828, adresas: Ozo g. 41-101, LT-07171 Vilnius.<\/p>\n<h4>3. Kod\u0117l renkate informacij\u0105 apie mane?<\/h4>\n<p>Mes teikiame vie\u0161\u0105 prieig\u0105 prie interneto svetain\u0117s www.padeltennis.lt (toliau \u2013 \u201eSvetain\u0117\u201c) bei socialini\u0173 tinkl\u0173 Facebook ir Instagram profili\u0173 (toliau \u2013 \u201eSocialini\u0173 tinkl\u0173 profiliai\u201c) juos palaikome, tobuliname ir u\u017etikriname j\u0173 saug\u0105. J\u016bs, nar\u0161ydami m\u016bs\u0173 Svetain\u0119 ir Socialini\u0173 tinkl\u0173 profilius, sudarote su mumis sutart\u012f, kuria gaunate prieig\u0105 prie Svetain\u0117s ir Socialini\u0173 tinkl\u0173 turinio ir sutinkate su teis\u0117s akt\u0173 nustatytomis jos naudojimo s\u0105lygomis, \u012fskaitant, bet neapsiribojant autorini\u0173 teisi\u0173 s\u0105lygomis ir \u0161iame informaciniame prane\u0161ime pateikiamomis asmens duomen\u0173 apsaugos bei privatumo s\u0105lygomis.<\/p>\n<p>Mums reikia rinkti, naudoti ir saugoti informacij\u0105 apie Jus siekiant:<\/p>\n<ul>\n<li>valdyti, tobulinti ir optimizuoti m\u016bs\u0173 Svetain\u0119 ir jos vartotoj\u0173 patirt\u012f;<\/li>\n<li>atsakyti \u012f Svetain\u0117s lankytoj\u0173 paklausimus, pasi\u016blymus, teikti technin\u0119 pagalb\u0105;<\/li>\n<li>suprasti nar\u0161ymo tendencijas, \u012fvertinti M\u016bs\u0173 auditorijos dyd\u012f ir naudojimo modelius, suprasti M\u016bs\u0173 vartotoj\u0173 norus, pageidavimus;<\/li>\n<li>didinti svetain\u0117s \u017einomum\u0105 atliekant rinkodaros veiksmus;<\/li>\n<li>pagerinti Svetain\u0117s veikim\u0105 ir i\u0161vaizd\u0105, kurti naujas funkcijas ir funkcionalum\u0105;<\/li>\n<li>laikytis teisini\u0173 \u012fsipareigojim\u0173, spr\u0119sti bet kokius gin\u010dus, kurie gali kilti su Jumis ar tre\u010diosiomis \u0161alimis, ir \u012fgyvendinti savo teises, atsirandan\u010dias d\u0117l vis\u0173 tarp J\u016bs\u0173 ir M\u016bs\u0173 ar tarp M\u016bs\u0173 ir tre\u010di\u0173j\u0173 \u0161ali\u0173 sudaryt\u0173 sutar\u010di\u0173;<\/li>\n<li>apsaugoti M\u016bs\u0173 teises ir turt\u0105, susijusius su Svetaine.<\/li>\n<\/ul>\n<h4>4. Koki\u0105 informacij\u0105 j\u016bs renkate, naudojate ir saugote apie mane?<\/h4>\n<p>Kai nar\u0161ote Svetain\u0117je, mes galime naudoti technologijas (J\u016bs\u0173 nar\u0161ykl\u0117s Svetainei pateikiam\u0173 u\u017eklaus\u0173 analiz\u0119, slapukus ir pan.), kurios automati\u0161kai surenka:<\/p>\n<ul>\n<li>Naudojimo duomenis: kai \u012feinate \u012f Svetain\u0119, mes galime automati\u0161kai surinkti tam tikrus duomenis apie j\u016bs\u0173 prieig\u0105 prie Svetain\u0117s ir jos naudojim\u0105 (pvz., \u012f\u0117jimo ir i\u0161\u0117jimo nuorod\u0173 URL, turinys ir puslapiai, prie kuri\u0173 J\u016bs prisijungiate Svetain\u0117je, prieigos datos ir laikai ir pan.);<\/li>\n<li>Informacij\u0105 apie \u012frengin\u012f: kai \u012feinate \u012f Svetain\u0119, mes galime automati\u0161kai rinkti informacij\u0105 apie J\u016bs\u0173 \u012frengin\u012f ir interneto ry\u0161\u012f (pvz., IP adresus, naudojamo kompiuterio ar mobiliojo prietaiso tip\u0105, operacin\u0117s sistemos versij\u0105, \u012frenginio identifikatori\u0173, nar\u0161ykl\u0117s tip\u0105, kalb\u0105 ir pan.);<\/li>\n<li>Informacij\u0105 apie J\u016bs\u0173 sutikim\u0105 leisti \u012fdiegti slapukus: kai lankot\u0117s m\u016bs\u0173 svetain\u0117je, J\u016bs\u0173 pra\u0161oma sutikimo slapuk\u0173 \u012fdiegimui \u012f J\u016bs\u0173 kompiuter\u012f.<\/li>\n<\/ul>\n<p>Atkreipiame d\u0117mes\u012f, kad \u0161ie duomenys yra anoniminiai ir pagal surenkam\u0105 informacij\u0105 mes negalime nustatyti tikslios J\u016bs\u0173 tapatyb\u0117s.<\/p>\n<p>Kai savo iniciatyva para\u0161ote \u017einut\u0119 Svetain\u0117je nurodytais kontaktiniais elektroninio pa\u0161to adresais ar pasinaudodami svetain\u0117s funkcionalumu, renkami \u0161ie J\u016bs\u0173 duomenys:<\/p>\n<ul>\n<li>identifikaciniai duomenys (vardas, pavard\u0117, \u012fmon\u0117 ir pan.);<\/li>\n<li>kontaktiniai duomenys (el. pa\u0161to adresas ir pan.);<\/li>\n<li>atitinkamos sutarties r\u016b\u0161ies sudarymui reikalingi papildomi duomenys, jei si\u016blysite sudaryti sutart\u012f (pvz.: si\u016blant sudaryti darbo sutart\u012f \u2013 gimimo dat\u0105, CV duomenis ir pan.) arba J\u016bs\u0173 pateikto paklausimo turinys;<\/li>\n<li>bet kokie kitokie J\u016bs\u0173 iniciatyva pateikti duomenys, kuriuos J\u016bs laikote reik\u0161mingais teikiamo paklausimo ar pasi\u016blymo kontekste;<\/li>\n<li>m\u016bs\u0173 atsakymas \u012f J\u016bs\u0173 paklausim\u0105.<\/li>\n<\/ul>\n<p>Atkreipiame d\u0117mes\u012f, kad siekdami tinkamai atsakyti \u012f J\u016bs\u0173 paklausim\u0105 galime J\u016bs\u0173 papra\u0161yti papildomos informacijos, kuri m\u016bs\u0173 nuomone yra b\u016btina atsakymui \u012f J\u016bs\u0173 paklausim\u0105 pateikti.<\/p>\n<h4>5. Ar renkate jautri\u0105 asmenin\u0119 informacij\u0105 apie mane?<\/h4>\n<p>Jautrios informacijos apie Jus nerenkame.<\/p>\n<h4>6. Ar naudojate slapukus?<\/h4>\n<p>Kai prisijungiate prie Svetain\u0117s, galime i\u0161si\u0173sti vien\u0105 ar kelis slapukus \u2013 ma\u017eus tekstinius failus, kuriuose yra raid\u017ei\u0173 ir skaitmen\u0173 simboli\u0173 eilut\u0117. Galime naudoti ir sesijos slapukus, ir nuolatinius slapukus. U\u017edarius nar\u0161ykl\u0119, sesijos slapukas dingsta. Nuolatinis slapukas lieka u\u017edarius \u017einiatinklio nar\u0161ykl\u0119 ir gali b\u016bti naudojamas J\u016bs\u0173 \u017einiatinklio nar\u0161ykl\u0117je tolesniuose apsilankymuose Svetain\u0117je. Slapukai yra technin\u0117 priemon\u0117 \u0161io prane\u0161imo 4 skyriuje nurodytai techninei nar\u0161ymo informacijai rinkti automatiniu b\u016bdu. Mes naudojame \u0161i\u0173 r\u016b\u0161i\u0173 slapukus:<\/p>\n<ul>\n<li>Sesijos slapukai. Mes naudojame sesijos slapukus, kad gal\u0117tum\u0117te naudotis M\u016bs\u0173 tinklalapiu;<\/li>\n<li>Analitiniai slapukai. Mes naudojame analitinius slapukus, kad gal\u0117tum\u0117me matyti M\u016bs\u0173 Svetain\u0117s ar Socialinio tinklo paskyros lankomumo statistik\u0105, Jus dominan\u010dias temas ir gal\u0117tum\u0117me pasi\u016blyti kokybi\u0161k\u0105, Jums aktualiausi\u0105 informacij\u0105.<\/li>\n<li>Rinkodaros slapukai. Mes naudojame rinkodaros slapukus siekdami didinti savo \u017einomum\u0105 bei tam, kad Jums b\u016bt\u0173 rodoma \u012fdomesn\u0117 ir J\u016bs\u0173 interesus atitinkanti reklama.<\/li>\n<\/ul>\n<p>M\u016bs\u0173 naudojam\u0173 slapuk\u0173 s\u0105ra\u0161as:<\/p>\n<ul>\n<li>Slapuko pavadinimas: Google Analytics;<br \/>\nSlapuko tikslas: Puslapio lankomumo steb\u0117sena;<br \/>\nSlapuko naudojimo terminas: 2 metai;<br \/>\nNaudojami duomenys: Anoniminiai duomenys, slapuko suteiktas unikalus numeris.<\/li>\n<li>Slapuko pavadinimas: Facebook Pixel;<br \/>\nSlapuko tikslas: Puslapio lankomumo steb\u0117sena, reklam\u0173 atvaizdavimui;<br \/>\nFacebook socialiniame tinkle Slapuko naudojimo terminas: 1 m\u0117nuo;<br \/>\nNaudojami duomenys: Slapuko suteiktas unikalus numeris.<\/li>\n<\/ul>\n<p>Slapuko pavadinimas: \u201eacceptCookies\u201c, slapuko tikslas: \u012esiminti ar sutikote su slapuk\u0173 naudojimu. Slapuko naudojimo terminas: 30 dien\u0173. Naudojami duomenys: Slapuko suteiktas unikalus numeris Nuolatiniai slapukai gali b\u016bti pa\u0161alinti per J\u016bs\u0173 naudojamos \u017einiatinklio nar\u0161ykl\u0117s nustatymus. Per\u017ei\u016br\u0117kite savo \u017einiatinklio nar\u0161ykl\u0117s vartotojo gid\u0105, kad su\u017einotum\u0117te tinkam\u0105 b\u016bd\u0105 keisti slapuk\u0173 nustatymus.<\/p>\n<h4>7. Koki\u0105 informacij\u0105 tur\u0117\u010diau pateikti jums ir kod\u0117l?<\/h4>\n<p>Kaip Svetain\u0117s lankytojui, Jums nereikia Mums pateikti jokios informacijos. Visa technin\u0117 informacija automati\u0161kai surenkama naudojant standartines \u017einiatinklio nar\u0161ymo technologijas (J\u016bs\u0173 nar\u0161ykl\u0117s Svetainei pateikiam\u0173 u\u017eklaus\u0173 analiz\u0119, slapukus ir pan.). Jei Svetain\u0117je nurodytais kontaktiniais elektroninio pa\u0161to adresais pateiksite mums paklausim\u0105, J\u016bs tur\u0117tum\u0117te nurodyti savo:<\/p>\n<ul>\n<li>identifikacinius duomenis (vardas, pavard\u0117, \u012fmon\u0117 ir pan.);<\/li>\n<li>kontaktinius duomenis (el. pa\u0161to adresas ir pan.);<\/li>\n<li>atitinkamos sutarties r\u016b\u0161ies sudarymui reikalingus papildomus duomenis, jei si\u016blysite sudaryti sutart\u012f;<\/li>\n<li>paklausimo tem\u0105 ir turin\u012f.<\/li>\n<\/ul>\n<p>J\u016bs taip pat turite galimyb\u0119 savo nuo\u017ei\u016bra pateikti papildomus duomenis, kuriuos laikote reik\u0161mingais paklausimui ar pasi\u016blymui sudaryti sutart\u012f (pvz.: darbo sutart\u012f). Nepateikus tam tikros informacijos, kuri mums yra reikalinga tinkamai atsakyti \u012f J\u016bs\u0173 paklausim\u0105, mes galime J\u016bs\u0173 papra\u0161yti \u0161i\u0105 informacij\u0105 pateikti.<\/p>\n<h4>8. Kokia informacija apie mane renkate i\u0161 kit\u0173 \u0161altini\u0173 ir i\u0161 kur?<\/h4>\n<p>Mes nerenkame joki\u0173 Svetain\u0117s lankytoj\u0173 duomen\u0173 i\u0161 kit\u0173 \u0161altini\u0173.<\/p>\n<h4>9. Kod\u0117l jums teisi\u0161kai leid\u017eiama rinkti mano informacij\u0105?<\/h4>\n<p>Mes teis\u0117tai renkame informacij\u0105 apie jus, nes:<\/p>\n<ul>\n<li>Mums reikia j\u016bs\u0173 informacijos, kad gal\u0117tum\u0117me teikti prieig\u0105 prie Svetain\u0117s, t. y. \u012evykdyti m\u016bs\u0173 susitarim\u0105 ir leisti nar\u0161yti M\u016bs\u0173 Svetain\u0117je pagal J\u016bs\u0173 pageidavim\u0105, o taip pat, kad gal\u0117tum\u0117me atsakyti \u012f J\u016bs\u0173 iniciatyva pateikiamus pasi\u016blymus d\u0117l sutar\u010di\u0173 su mumis sudarymo (Bendrojo duomen\u0173 apsaugos reglamento 6 straipsnio 1 dalies b punktas);<\/li>\n<li>J\u016bs\u0173 asmens duomenis, atsi\u0173stus kartu su paklausimu, kuriuos mums atsiunt\u0117te savo iniciatyva, privalome saugoti laikydamiesi \u012fstatym\u0173 nuostat\u0173 (Bendrojo duomen\u0173 apsaugos reglamento 6 straipsnio 1 dalies c punktas);<\/li>\n<li>Mums reikia j\u016bs\u0173 informacijos, kad b\u016bt\u0173 laikomasi m\u016bs\u0173 teisini\u0173 \u012fsipareigojim\u0173, i\u0161spr\u0119stume visus gin\u010dus, kurie gali kilti su Jumis ar kitomis \u0161alimis, ir u\u017etikrintume savo teises, atsirandan\u010dias d\u0117l vis\u0173 tarp J\u016bs\u0173 ir M\u016bs\u0173 arba tarp M\u016bs\u0173 ir tre\u010di\u0173j\u0173 \u0161ali\u0173 sudaryt\u0173 sutar\u010di\u0173. (Bendrojo duomen\u0173 apsaugos reglamento 6 straipsnio 1 dalies c punktas);<\/li>\n<li>Mums reikalinga j\u016bs\u0173 informacija, siekiant patobulinti m\u016bs\u0173 Svetain\u0119 ir jos naudotoj\u0173 patirt\u012f, o taip pat, apsaugoti Svetain\u0119 nuo neteis\u0117tos prieigose, steb\u0117ti svetain\u0117s lankomum\u0105, vykdyti rinkodar\u0105 atvaizduojant Jums \u012fdomias bei aktualias reklamas (Bendrojo duomen\u0173 apsaugos reglamento 6 straipsnio 1 dalies f punktas).<\/li>\n<\/ul>\n<h4>10. Ar naudosite Mano asmens duomenis automatiniam sprendim\u0173 pri\u0117mimui arba Man\u0119s profiliavimui?<\/h4>\n<p>Ne.<\/p>\n<h4>11. Su kuo dalinsit\u0117s Mano asmens duomenimis?<\/h4>\n<p>Galime atskleisti j\u016bs\u0173 asmeninius duomenis:<\/p>\n<ul>\n<li>Pirk\u0117jui ar kitam M\u016bs\u0173 teisi\u0173 per\u0117m\u0117jui, kai susijungimo, atskyrimo, restrukt\u016brizavimo, reorganizavimo, likvidavimo ar kitokio pardavimo ar perdavimo ar dalies M\u016bs\u0173 \u012fmon\u0117s turto, t\u0119stinumo ar bankroto, likvidavimo ar pana\u0161aus proceso metu, atveju, M\u016bs\u0173 turimi J\u016bs\u0173 asmens duomenys yra tarp perduoto turto;<\/li>\n<li>M\u016bs\u0173 draudikams ir (arba) profesionaliems patar\u0117jams, kiek tai yra pagr\u012fstai reikalinga, norint \u012fgyti ar i\u0161laikyti draudimo apsaug\u0105, valdyti rizik\u0105, gauti profesional\u0173 patarim\u0105 ar teisini\u0173 reikalavim\u0173 \u012ftvirtinim\u0105, vykdym\u0105 ar gynim\u0105, tiek teismo procesuose, tiek administracine ar ne teismo tvarka;<\/li>\n<li>M\u016bs\u0173 paslaug\u0173 tiek\u0117jams ar rangovams, kiek tai yra pagr\u012fstai reikalinga Svetain\u0117s prieigos teikimui, palaikymui, k\u016brimui ir saugumo u\u017etikrinimui.<\/li>\n<\/ul>\n<p>Mes taip pat galime atskleisti J\u016bs\u0173 asmens duomenis, jei toks atskleidimas yra b\u016btinas norint laikytis Mums taikom\u0173 teisini\u0173 \u012fpareigojim\u0173, teisini\u0173 pretenzij\u0173 nustatymui, vykdymui ar gynimui, tiek teismo procesuose, tiek administracin\u0117se ar neteismin\u0117se proced\u016brose.<\/p>\n<h4>12. Ar Mano asmens duomenys bus perduodami u\u017e Europos ekonomin\u0117s erdv\u0117s rib\u0173?<\/h4>\n<p>Ne.<\/p>\n<h4>13. Kaip ilgai saugosite informacij\u0105 apie Mane?<\/h4>\n<p>Technin\u0117 automati\u0161kai renkama Informacija apie lankytojo \u012frengin\u012f (-ius) ir nar\u0161ym\u0105 saugoma taip, kaip nurodyta slapuk\u0173 lentel\u0117je, esan\u010dioje 6 skyriuje. Vis\u0105 kit\u0105 informacij\u0105 saugosime vadovaudamiesi Lietuvos Vyriausiojo Archyvaro patvirtinta Bendr\u0173j\u0173 dokument\u0173 termin\u0173 saugojimo rodykle arba konkretiems santykiams taikomu ie\u0161kinio parei\u0161kimo senaties terminu, priklausomai nuo to, kuris i\u0161 \u0161i\u0173 termin\u0173 yra ilgesnis.<\/p>\n<h4>14. Kokios mano teis\u0117s?<\/h4>\n<p>J\u016bs turite \u0161ias teises asmens duomen\u0173 apsaugos srityje (pa\u017eymime, kad \u0161ioms teis\u0117ms gali b\u016bti taikomi \u012fstatym\u0173 nustatyti apribojimai ar s\u0105lygos):<\/p>\n<ul>\n<li>pateikti pra\u0161ym\u0105 susipa\u017einti su turima informacija apie Jus;<\/li>\n<li>pateikti pra\u0161ym\u0105 i\u0161taisyti turim\u0105 informacij\u0105 apie Jus;<\/li>\n<li>pateikti prie\u0161taravim\u0105 duomen\u0173 tvarkymui d\u0117l teis\u0117to M\u016bs\u0173 intereso, kai atitinkami duomenys yra tvarkomi i\u0161skirtinai d\u0117l teis\u0117t\u0173 M\u016bs\u0173 interes\u0173, o toks tvarkymas konkre\u010di\u0173 aplinkybi\u0173 kontekste neproporcingai suvar\u017eo J\u016bs\u0173 teises ir laisves ar teis\u0117tus interesus;<\/li>\n<\/ul>\n<p>Pateikti pra\u0161ym\u0105 i\u0161trinti turim\u0105 informacij\u0105 apie Jus:<\/p>\n<ul>\n<li>kai duomenys yra tvarkomi i\u0161skirtinai d\u0117l teis\u0117t\u0173 M\u016bs\u0173 interes\u0173, J\u016bs prie\u0161taraujate tokiam duomen\u0173 tvarkymui, o toks tvarkymas konkre\u010di\u0173 aplinkybi\u0173 kontekste neproporcingai suvar\u017eo J\u016bs\u0173 teises ir laisves bei teis\u0117tus interesus, i\u0161skyrus atvejus, kai toks duomen\u0173 tvarkymas yra reikalingas siekiant pareik\u0161ti teisinius reikalavimus arba gintis nuo pareik\u0161t\u0173 teisini\u0173 reikalavim\u0173;<\/li>\n<li>kai J\u016bs\u0173 duomenys yra tvarkomi neteis\u0117tai.<\/li>\n<\/ul>\n<p>Pateikti pra\u0161ym\u0105 apriboti prieig\u0105 prie turimos informacijos apie Jus ar jos i\u0161trynim\u0105:<\/p>\n<ul>\n<li>kai pra\u0161oma i\u0161taisyti klaidingus duomenis \u2013 laikotarpiui, kol nustatytos klaidos nebus i\u0161taisytos;<\/li>\n<li>parei\u0161kus prie\u0161taravim\u0105 duomen\u0173 tvarkymui d\u0117l teis\u0117to M\u016bs\u0173 intereso, kol nebus i\u0161nagrin\u0117tas J\u016bs\u0173 prie\u0161taravimas ir priimtas M\u016bs\u0173 sprendimas d\u0117l tolimesnio j\u0173 tvarkymo;<\/li>\n<li>kai Mums asmens duomenys nebereikalingi, bet jie reikalingi Jums siekiant pareik\u0161ti teisinius reikalavimus ar gintis nuo pareik\u0161t\u0173 teisini\u0173 reikalavim\u0173;<\/li>\n<li>bet koki\u0173 duomen\u0173, tvarkom\u0173 be teisinio pagrindo, kai J\u016bs nepageidaujate j\u0173 i\u0161trynimo.<\/li>\n<li>pateikti pra\u0161ym\u0105 i\u0161eksportuoti J\u016bs\u0173 duomenis;<\/li>\n<li>pateikti skund\u0105 Valstybinei duomen\u0173 apsaugos inspekcijai. Jei norite pasinaudoti \u017eemiau nurodytomis J\u016bs\u0173 teis\u0117mis, pra\u0161ome kreiptis \u012f mus, kaip tai nurodyta 15 skyriuje. Pra\u0161ome atkreipti d\u0117mes\u012f, jog \u0161ioms teis\u0117ms gali b\u016bti taikomos \u012fstatym\u0173 numatytos s\u0105lygos ir i\u0161imtys.<\/li>\n<\/ul>\n<h4>15. Kaip galite man pad\u0117ti?<\/h4>\n<p>Jeigu J\u016bs turite klausim\u0173, komentar\u0173 ar nusiskundim\u0173, susijusi\u0173 su tuo, kaip mes renkame, naudojame ir saugome duomenis apie Jus, mes esame pasireng\u0119 Jums pad\u0117ti. Jei Jums reikalinga pagalba, pra\u0161ome kreiptis nurodytais <a href=\"https:\/\/www.padeltennis.lt\/kontaktai\/\">kontaktais<\/a>.<\/p>","protected":false},"excerpt":{"rendered":"<p>UAB \u201ePadelio akademija\u201c r\u016bpinasi J\u016bs\u0173 informacijos apsauga ir laikosi Europos S\u0105jungos Bendrojo duomen\u0173 apsaugos reglamento (GDPR) bei kit\u0173 \u012fstatym\u0173, saugan\u010di\u0173 J\u016bs\u0173 informacij\u0105. Nor\u0117dami su\u017einoti daugiau, atid\u017eiai perskaitykite \u0161\u012f prane\u0161im\u0105. 1. Kaip tur\u0117\u010diau skaityti \u0161\u012f prane\u0161im\u0105? \u0160iame prane\u0161ime bus atsakyta \u012f svarbiausius klausimus apie tai, kaip mes renkame, naudojame ir saugome informacij\u0105 apie Jus \u0161ioje interneto [&hellip;]<\/p>\n","protected":false},"author":1,"featured_media":0,"parent":0,"menu_order":0,"comment_status":"closed","ping_status":"closed","template":"","meta":[],"acf":[],"yoast_head":"<!-- This site is optimized with the Yoast SEO plugin v19.6.1 - https:\/\/yoast.com\/wordpress\/plugins\/seo\/ -->\n<title>Privatumo politika - Padelio teniso arena<\/title>\n<meta name=\"robots\" content=\"index, follow, max-snippet:-1, max-image-preview:large, max-video-preview:-1\" \/>\n<link rel=\"canonical\" href=\"https:\/\/www.padeltennis.lt\/lt\/privatumo-politika\/\" \/>\n<meta property=\"og:locale\" content=\"lt_LT\" \/>\n<meta property=\"og:type\" content=\"article\" \/>\n<meta property=\"og:title\" content=\"Privatumo politika - Padelio teniso arena\" \/>\n<meta property=\"og:description\" content=\"UAB \u201ePadelio akademija\u201c r\u016bpinasi J\u016bs\u0173 informacijos apsauga ir laikosi Europos S\u0105jungos Bendrojo duomen\u0173 apsaugos reglamento (GDPR) bei kit\u0173 \u012fstatym\u0173, saugan\u010di\u0173 J\u016bs\u0173 informacij\u0105. Nor\u0117dami su\u017einoti daugiau, atid\u017eiai perskaitykite \u0161\u012f prane\u0161im\u0105. 1. Kaip tur\u0117\u010diau skaityti \u0161\u012f prane\u0161im\u0105? \u0160iame prane\u0161ime bus atsakyta \u012f svarbiausius klausimus apie tai, kaip mes renkame, naudojame ir saugome informacij\u0105 apie Jus \u0161ioje interneto [&hellip;]\" \/>\n<meta property=\"og:url\" content=\"https:\/\/www.padeltennis.lt\/lt\/privatumo-politika\/\" \/>\n<meta property=\"og:site_name\" content=\"Padelio teniso arena\" \/>\n<meta property=\"article:publisher\" content=\"https:\/\/www.facebook.com\/ptennis.lt\/\" \/>\n<meta property=\"article:modified_time\" content=\"2022-04-14T12:41:16+00:00\" \/>\n<meta property=\"og:image\" content=\"https:\/\/www.padeltennis.lt\/wp-content\/uploads\/2019\/10\/share-min.jpg\" \/>\n\t<meta property=\"og:image:width\" content=\"1200\" \/>\n\t<meta property=\"og:image:height\" content=\"630\" \/>\n\t<meta property=\"og:image:type\" content=\"image\/jpeg\" \/>\n<meta name=\"twitter:card\" content=\"summary_large_image\" \/>\n<meta name=\"twitter:label1\" content=\"Est. reading time\" \/>\n\t<meta name=\"twitter:data1\" content=\"19 minu\u010di\u0173\" \/>\n<script type=\"application\/ld+json\" class=\"yoast-schema-graph\">{\"@context\":\"https:\/\/schema.org\",\"@graph\":[{\"@type\":\"WebPage\",\"@id\":\"https:\/\/www.padeltennis.lt\/lt\/privatumo-politika\/\",\"url\":\"https:\/\/www.padeltennis.lt\/lt\/privatumo-politika\/\",\"name\":\"Privatumo politika - Padelio teniso arena\",\"isPartOf\":{\"@id\":\"https:\/\/www.padeltennis.lt\/lt\/#website\"},\"datePublished\":\"2019-10-16T13:03:35+00:00\",\"dateModified\":\"2022-04-14T12:41:16+00:00\",\"breadcrumb\":{\"@id\":\"https:\/\/www.padeltennis.lt\/lt\/privatumo-politika\/#breadcrumb\"},\"inLanguage\":\"lt-LT\",\"potentialAction\":[{\"@type\":\"ReadAction\",\"target\":[\"https:\/\/www.padeltennis.lt\/lt\/privatumo-politika\/\"]}]},{\"@type\":\"BreadcrumbList\",\"@id\":\"https:\/\/www.padeltennis.lt\/lt\/privatumo-politika\/#breadcrumb\",\"itemListElement\":[{\"@type\":\"ListItem\",\"position\":1,\"name\":\"Home\",\"item\":\"https:\/\/www.padeltennis.lt\/lt\/\"},{\"@type\":\"ListItem\",\"position\":2,\"name\":\"Privatumo politika\"}]},{\"@type\":\"WebSite\",\"@id\":\"https:\/\/www.padeltennis.lt\/lt\/#website\",\"url\":\"https:\/\/www.padeltennis.lt\/lt\/\",\"name\":\"Padelio teniso arena\",\"description\":\"PadelTennis.lt\",\"potentialAction\":[{\"@type\":\"SearchAction\",\"target\":{\"@type\":\"EntryPoint\",\"urlTemplate\":\"https:\/\/www.padeltennis.lt\/lt\/?s={search_term_string}\"},\"query-input\":\"required name=search_term_string\"}],\"inLanguage\":\"lt-LT\"}]}<\/script>\n<!-- \/ Yoast SEO plugin. -->","yoast_head_json":{"title":"Privatumo politika - Padelio teniso arena","robots":{"index":"index","follow":"follow","max-snippet":"max-snippet:-1","max-image-preview":"max-image-preview:large","max-video-preview":"max-video-preview:-1"},"canonical":"https:\/\/www.padeltennis.lt\/lt\/privatumo-politika\/","og_locale":"lt_LT","og_type":"article","og_title":"Privatumo politika - Padelio teniso arena","og_description":"UAB \u201ePadelio akademija\u201c r\u016bpinasi J\u016bs\u0173 informacijos apsauga ir laikosi Europos S\u0105jungos Bendrojo duomen\u0173 apsaugos reglamento (GDPR) bei kit\u0173 \u012fstatym\u0173, saugan\u010di\u0173 J\u016bs\u0173 informacij\u0105. Nor\u0117dami su\u017einoti daugiau, atid\u017eiai perskaitykite \u0161\u012f prane\u0161im\u0105. 1. Kaip tur\u0117\u010diau skaityti \u0161\u012f prane\u0161im\u0105? \u0160iame prane\u0161ime bus atsakyta \u012f svarbiausius klausimus apie tai, kaip mes renkame, naudojame ir saugome informacij\u0105 apie Jus \u0161ioje interneto [&hellip;]","og_url":"https:\/\/www.padeltennis.lt\/lt\/privatumo-politika\/","og_site_name":"Padelio teniso arena","article_publisher":"https:\/\/www.facebook.com\/ptennis.lt\/","article_modified_time":"2022-04-14T12:41:16+00:00","og_image":[{"width":1200,"height":630,"url":"https:\/\/www.padeltennis.lt\/wp-content\/uploads\/2019\/10\/share-min.jpg","type":"image\/jpeg"}],"twitter_card":"summary_large_image","twitter_misc":{"Est. reading time":"19 minu\u010di\u0173"},"schema":{"@context":"https:\/\/schema.org","@graph":[{"@type":"WebPage","@id":"https:\/\/www.padeltennis.lt\/lt\/privatumo-politika\/","url":"https:\/\/www.padeltennis.lt\/lt\/privatumo-politika\/","name":"Privatumo politika - Padelio teniso arena","isPartOf":{"@id":"https:\/\/www.padeltennis.lt\/lt\/#website"},"datePublished":"2019-10-16T13:03:35+00:00","dateModified":"2022-04-14T12:41:16+00:00","breadcrumb":{"@id":"https:\/\/www.padeltennis.lt\/lt\/privatumo-politika\/#breadcrumb"},"inLanguage":"lt-LT","potentialAction":[{"@type":"ReadAction","target":["https:\/\/www.padeltennis.lt\/lt\/privatumo-politika\/"]}]},{"@type":"BreadcrumbList","@id":"https:\/\/www.padeltennis.lt\/lt\/privatumo-politika\/#breadcrumb","itemListElement":[{"@type":"ListItem","position":1,"name":"Home","item":"https:\/\/www.padeltennis.lt\/lt\/"},{"@type":"ListItem","position":2,"name":"Privatumo politika"}]},{"@type":"WebSite","@id":"https:\/\/www.padeltennis.lt\/lt\/#website","url":"https:\/\/www.padeltennis.lt\/lt\/","name":"Padelio teniso arena","description":"PadelTennis.lt","potentialAction":[{"@type":"SearchAction","target":{"@type":"EntryPoint","urlTemplate":"https:\/\/www.padeltennis.lt\/lt\/?s={search_term_string}"},"query-input":"required name=search_term_string"}],"inLanguage":"lt-LT"}]}},"_links":{"self":[{"href":"https:\/\/www.padeltennis.lt\/lt\/wp-json\/wp\/v2\/pages\/34"}],"collection":[{"href":"https:\/\/www.padeltennis.lt\/lt\/wp-json\/wp\/v2\/pages"}],"about":[{"href":"https:\/\/www.padeltennis.lt\/lt\/wp-json\/wp\/v2\/types\/page"}],"author":[{"embeddable":true,"href":"https:\/\/www.padeltennis.lt\/lt\/wp-json\/wp\/v2\/users\/1"}],"replies":[{"embeddable":true,"href":"https:\/\/www.padeltennis.lt\/lt\/wp-json\/wp\/v2\/comments?post=34"}],"version-history":[{"count":10,"href":"https:\/\/www.padeltennis.lt\/lt\/wp-json\/wp\/v2\/pages\/34\/revisions"}],"predecessor-version":[{"id":574,"href":"https:\/\/www.padeltennis.lt\/lt\/wp-json\/wp\/v2\/pages\/34\/revisions\/574"}],"wp:attachment":[{"href":"https:\/\/www.padeltennis.lt\/lt\/wp-json\/wp\/v2\/media?parent=34"}],"curies":[{"name":"wp","href":"https:\/\/api.w.org\/{rel}","templated":true}]}}