{"id":56,"date":"2019-10-18T08:04:08","date_gmt":"2019-10-18T10:04:08","guid":{"rendered":"https:\/\/www.padeltennis.lt\/?page_id=56"},"modified":"2019-10-31T06:47:26","modified_gmt":"2019-10-31T08:47:26","slug":"zaidimo-taisykles","status":"publish","type":"page","link":"https:\/\/www.padeltennis.lt\/en\/padel-game-rules\/","title":{"rendered":"Game rules"},"content":{"rendered":"<h4>Var\u017eyb\u0173 formatas<\/h4>\n<ul>\n<li>Padelio tenisas \u017eaid\u017eiamas dvejetais (du prie\u0161 du), bet galima \u017eaisti ir vienetais toje pa\u010dioje aik\u0161tel\u0117je (\u017eaid\u017eiant \u012fstri\u017eai).<\/li>\n<\/ul>\n<h4>Ta\u0161k\u0173 skai\u010diavimas<\/h4>\n<ul>\n<li>Padelio tenise ta\u0161k\u0173 skai\u010diavimo sistema yra lygiai tokia pati kaip teniso.<\/li>\n<\/ul>\n<h4>Padavimas<\/h4>\n<p>Padavimas turi atitikti \u0161iuos reikalavimus:<\/p>\n<ul>\n<li>Padelio tenise \u017eaidimas prasideda paduodant kamuoliuk\u0105 i\u0161 apa\u010dios (tenise \u2013 i\u0161 vir\u0161aus) nuo de\u0161in\u0117s padavin\u0117tojo pus\u0117s \u012fstri\u017eai aik\u0161tel\u0117s;<\/li>\n<li>Prie\u0161 paduodant kamuoliukas turi b\u016bti mu\u0161amas \u012f \u017eem\u0119 ir tada sm\u016bgiuojamas \u017eemiau juosmens lygio;<\/li>\n<li>Po padavin\u0117tojo sm\u016bgio kamuoliukas turi nusileisti \u012f oponento padavimo ribas. Jeigu kamuoliukas nusileid\u017eia \u012f padavimo ribas ir atsimu\u0161a \u012f galin\u012f arba \u0161onin\u012f stikl\u0105, padavimas u\u017eskaitomas ir \u017eaidimas yra t\u0119siamas. Ta\u010diau jeigu padavin\u0117tojo kamuoliukas atsitrenkia \u012f vielin\u0119 u\u017etvar\u0105, padavimas yra laikomas klaidingu;<\/li>\n<li>Padelio tenise \u017eaid\u0117jas turi du bandymus atlikti padavim\u0105.<\/li>\n<\/ul>\n<h4>Kada laimimas ta\u0161kas<\/h4>\n<ul>\n<li>Var\u017eovui du kartus neteisingai atlikus padavim\u0105;<\/li>\n<li>Var\u017eovo aik\u0161tel\u0117je kamuoliukui du kartus at\u0161okus nuo grind\u0173;<\/li>\n<li>Kamuoliukui pataikius \u012f var\u017eov\u0105 ar jo partner\u012f;<\/li>\n<li>Var\u017eovo kamuoliukui tiesiogiai pataikius \u012f J\u016bs\u0173 aik\u0161tel\u0117s stikl\u0105 ar tinkl\u0105;<\/li>\n<li>Var\u017eovo kamuoliukui pataikius \u012f savo aik\u0161tel\u0117s tinkl\u0105 (savo pus\u0117je nuo stiklo \u017eaidimas galimas);<\/li>\n<li>Var\u017eovui kamuoliuk\u0105 pataikius \u012f lubas;<\/li>\n<li>Kamuoliukui pataikius \u012f var\u017eovo aik\u0161tel\u0117s grindis ir jam i\u0161l\u0117kus u\u017e aik\u0161tel\u0117s rib\u0173.<\/li>\n<\/ul>\n<h4>Kamuoliuko atmu\u0161imas var\u017eovui<\/h4>\n<ul>\n<li>Kamuoliukas atmu\u0161amas vienu sm\u016bgiu;<\/li>\n<li>Kamuoliuk\u0105 visada galima atmu\u0161ti \u201ei\u0161 oro\u201c , i\u0161skyrus padavimo metu;<\/li>\n<li>Kamuoliuk\u0105 galima atmu\u0161ti vien\u0105 kart\u0105 at\u0161okus \u012f grindis;<\/li>\n<li>Kamuoliuk\u0105 galima atmu\u0161ti vien\u0105 kart\u0105 atsimu\u0161us \u012f grindis ar kelis kartus atsimu\u0161us \u012f \u0161onines sienas.<\/li>\n<\/ul>\n","protected":false},"excerpt":{"rendered":"<p>Var\u017eyb\u0173 formatas Padelio tenisas \u017eaid\u017eiamas dvejetais (du prie\u0161 du), bet galima \u017eaisti ir vienetais toje pa\u010dioje aik\u0161tel\u0117je (\u017eaid\u017eiant \u012fstri\u017eai). Ta\u0161k\u0173 skai\u010diavimas Padelio tenise ta\u0161k\u0173 skai\u010diavimo sistema yra lygiai tokia pati kaip teniso. Padavimas Padavimas turi atitikti \u0161iuos reikalavimus: Padelio tenise \u017eaidimas prasideda paduodant kamuoliuk\u0105 i\u0161 apa\u010dios (tenise \u2013 i\u0161 vir\u0161aus) nuo de\u0161in\u0117s padavin\u0117tojo pus\u0117s \u012fstri\u017eai [&hellip;]<\/p>\n","protected":false},"author":1,"featured_media":0,"parent":0,"menu_order":0,"comment_status":"closed","ping_status":"closed","template":"","meta":[],"acf":[],"yoast_head":"<!-- This site is optimized with the Yoast SEO plugin v19.6.1 - https:\/\/yoast.com\/wordpress\/plugins\/seo\/ -->\n<title>Game rules - Padelio teniso arena<\/title>\n<meta name=\"robots\" content=\"index, follow, max-snippet:-1, max-image-preview:large, max-video-preview:-1\" \/>\n<link rel=\"canonical\" href=\"https:\/\/www.padeltennis.lt\/lt\/padelio-zaidimo-taisykles\/\" \/>\n<meta property=\"og:locale\" content=\"en_US\" \/>\n<meta property=\"og:type\" content=\"article\" \/>\n<meta property=\"og:title\" content=\"Game rules - Padelio teniso arena\" \/>\n<meta property=\"og:description\" content=\"Var\u017eyb\u0173 formatas Padelio tenisas \u017eaid\u017eiamas dvejetais (du prie\u0161 du), bet galima \u017eaisti ir vienetais toje pa\u010dioje aik\u0161tel\u0117je (\u017eaid\u017eiant \u012fstri\u017eai). Ta\u0161k\u0173 skai\u010diavimas Padelio tenise ta\u0161k\u0173 skai\u010diavimo sistema yra lygiai tokia pati kaip teniso. Padavimas Padavimas turi atitikti \u0161iuos reikalavimus: Padelio tenise \u017eaidimas prasideda paduodant kamuoliuk\u0105 i\u0161 apa\u010dios (tenise \u2013 i\u0161 vir\u0161aus) nuo de\u0161in\u0117s padavin\u0117tojo pus\u0117s \u012fstri\u017eai [&hellip;]\" \/>\n<meta property=\"og:url\" content=\"https:\/\/www.padeltennis.lt\/lt\/padelio-zaidimo-taisykles\/\" \/>\n<meta property=\"og:site_name\" content=\"Padelio teniso arena\" \/>\n<meta property=\"article:publisher\" content=\"https:\/\/www.facebook.com\/ptennis.lt\/\" \/>\n<meta property=\"article:modified_time\" content=\"2019-10-31T08:47:26+00:00\" \/>\n<meta property=\"og:image\" content=\"https:\/\/www.padeltennis.lt\/wp-content\/uploads\/2019\/10\/share-min.jpg\" \/>\n\t<meta property=\"og:image:width\" content=\"1200\" \/>\n\t<meta property=\"og:image:height\" content=\"630\" \/>\n\t<meta property=\"og:image:type\" content=\"image\/jpeg\" \/>\n<meta name=\"twitter:card\" content=\"summary_large_image\" \/>\n<meta name=\"twitter:label1\" content=\"Est. reading time\" \/>\n\t<meta name=\"twitter:data1\" content=\"1 minute\" \/>\n<script type=\"application\/ld+json\" class=\"yoast-schema-graph\">{\"@context\":\"https:\/\/schema.org\",\"@graph\":[{\"@type\":\"WebPage\",\"@id\":\"https:\/\/www.padeltennis.lt\/lt\/padelio-zaidimo-taisykles\/\",\"url\":\"https:\/\/www.padeltennis.lt\/lt\/padelio-zaidimo-taisykles\/\",\"name\":\"Game rules - Padelio teniso arena\",\"isPartOf\":{\"@id\":\"https:\/\/www.padeltennis.lt\/lt\/#website\"},\"datePublished\":\"2019-10-18T10:04:08+00:00\",\"dateModified\":\"2019-10-31T08:47:26+00:00\",\"breadcrumb\":{\"@id\":\"https:\/\/www.padeltennis.lt\/lt\/padelio-zaidimo-taisykles\/#breadcrumb\"},\"inLanguage\":\"en-US\",\"potentialAction\":[{\"@type\":\"ReadAction\",\"target\":[\"https:\/\/www.padeltennis.lt\/lt\/padelio-zaidimo-taisykles\/\"]}]},{\"@type\":\"BreadcrumbList\",\"@id\":\"https:\/\/www.padeltennis.lt\/lt\/padelio-zaidimo-taisykles\/#breadcrumb\",\"itemListElement\":[{\"@type\":\"ListItem\",\"position\":1,\"name\":\"Home\",\"item\":\"https:\/\/www.padeltennis.lt\/lt\/\"},{\"@type\":\"ListItem\",\"position\":2,\"name\":\"\u017daidimo taisykl\u0117s\"}]},{\"@type\":\"WebSite\",\"@id\":\"https:\/\/www.padeltennis.lt\/lt\/#website\",\"url\":\"https:\/\/www.padeltennis.lt\/lt\/\",\"name\":\"Padelio teniso arena\",\"description\":\"PadelTennis.lt\",\"potentialAction\":[{\"@type\":\"SearchAction\",\"target\":{\"@type\":\"EntryPoint\",\"urlTemplate\":\"https:\/\/www.padeltennis.lt\/lt\/?s={search_term_string}\"},\"query-input\":\"required name=search_term_string\"}],\"inLanguage\":\"en-US\"}]}<\/script>\n<!-- \/ Yoast SEO plugin. -->","yoast_head_json":{"title":"Game rules - Padelio teniso arena","robots":{"index":"index","follow":"follow","max-snippet":"max-snippet:-1","max-image-preview":"max-image-preview:large","max-video-preview":"max-video-preview:-1"},"canonical":"https:\/\/www.padeltennis.lt\/lt\/padelio-zaidimo-taisykles\/","og_locale":"en_US","og_type":"article","og_title":"Game rules - Padelio teniso arena","og_description":"Var\u017eyb\u0173 formatas Padelio tenisas \u017eaid\u017eiamas dvejetais (du prie\u0161 du), bet galima \u017eaisti ir vienetais toje pa\u010dioje aik\u0161tel\u0117je (\u017eaid\u017eiant \u012fstri\u017eai). Ta\u0161k\u0173 skai\u010diavimas Padelio tenise ta\u0161k\u0173 skai\u010diavimo sistema yra lygiai tokia pati kaip teniso. Padavimas Padavimas turi atitikti \u0161iuos reikalavimus: Padelio tenise \u017eaidimas prasideda paduodant kamuoliuk\u0105 i\u0161 apa\u010dios (tenise \u2013 i\u0161 vir\u0161aus) nuo de\u0161in\u0117s padavin\u0117tojo pus\u0117s \u012fstri\u017eai [&hellip;]","og_url":"https:\/\/www.padeltennis.lt\/lt\/padelio-zaidimo-taisykles\/","og_site_name":"Padelio teniso arena","article_publisher":"https:\/\/www.facebook.com\/ptennis.lt\/","article_modified_time":"2019-10-31T08:47:26+00:00","og_image":[{"width":1200,"height":630,"url":"https:\/\/www.padeltennis.lt\/wp-content\/uploads\/2019\/10\/share-min.jpg","type":"image\/jpeg"}],"twitter_card":"summary_large_image","twitter_misc":{"Est. reading time":"1 minute"},"schema":{"@context":"https:\/\/schema.org","@graph":[{"@type":"WebPage","@id":"https:\/\/www.padeltennis.lt\/lt\/padelio-zaidimo-taisykles\/","url":"https:\/\/www.padeltennis.lt\/lt\/padelio-zaidimo-taisykles\/","name":"Game rules - Padelio teniso arena","isPartOf":{"@id":"https:\/\/www.padeltennis.lt\/lt\/#website"},"datePublished":"2019-10-18T10:04:08+00:00","dateModified":"2019-10-31T08:47:26+00:00","breadcrumb":{"@id":"https:\/\/www.padeltennis.lt\/lt\/padelio-zaidimo-taisykles\/#breadcrumb"},"inLanguage":"en-US","potentialAction":[{"@type":"ReadAction","target":["https:\/\/www.padeltennis.lt\/lt\/padelio-zaidimo-taisykles\/"]}]},{"@type":"BreadcrumbList","@id":"https:\/\/www.padeltennis.lt\/lt\/padelio-zaidimo-taisykles\/#breadcrumb","itemListElement":[{"@type":"ListItem","position":1,"name":"Home","item":"https:\/\/www.padeltennis.lt\/lt\/"},{"@type":"ListItem","position":2,"name":"\u017daidimo taisykl\u0117s"}]},{"@type":"WebSite","@id":"https:\/\/www.padeltennis.lt\/lt\/#website","url":"https:\/\/www.padeltennis.lt\/lt\/","name":"Padelio teniso arena","description":"PadelTennis.lt","potentialAction":[{"@type":"SearchAction","target":{"@type":"EntryPoint","urlTemplate":"https:\/\/www.padeltennis.lt\/lt\/?s={search_term_string}"},"query-input":"required name=search_term_string"}],"inLanguage":"en-US"}]}},"_links":{"self":[{"href":"https:\/\/www.padeltennis.lt\/en\/wp-json\/wp\/v2\/pages\/56"}],"collection":[{"href":"https:\/\/www.padeltennis.lt\/en\/wp-json\/wp\/v2\/pages"}],"about":[{"href":"https:\/\/www.padeltennis.lt\/en\/wp-json\/wp\/v2\/types\/page"}],"author":[{"embeddable":true,"href":"https:\/\/www.padeltennis.lt\/en\/wp-json\/wp\/v2\/users\/1"}],"replies":[{"embeddable":true,"href":"https:\/\/www.padeltennis.lt\/en\/wp-json\/wp\/v2\/comments?post=56"}],"version-history":[{"count":4,"href":"https:\/\/www.padeltennis.lt\/en\/wp-json\/wp\/v2\/pages\/56\/revisions"}],"predecessor-version":[{"id":435,"href":"https:\/\/www.padeltennis.lt\/en\/wp-json\/wp\/v2\/pages\/56\/revisions\/435"}],"wp:attachment":[{"href":"https:\/\/www.padeltennis.lt\/en\/wp-json\/wp\/v2\/media?parent=56"}],"curies":[{"name":"wp","href":"https:\/\/api.w.org\/{rel}","templated":true}]}}