{"id":11,"date":"2019-10-16T09:52:20","date_gmt":"2019-10-16T11:52:20","guid":{"rendered":"https:\/\/www.padeltennis.lt\/?page_id=11"},"modified":"2025-04-11T13:59:43","modified_gmt":"2025-04-11T10:59:43","slug":"kontaktai","status":"publish","type":"page","link":"https:\/\/www.padeltennis.lt\/en\/contacts\/","title":{"rendered":"Contacts"},"content":{"rendered":"<p><\/p>\n<div class=\"row\">\n<div class=\"col-xl-4 col-lg-5 col-sm-6 offset-lg-1 offset-xl-2\">\n<h4>Address<\/h4>\n<p>Vir\u0161uli\u0161ki\u0173 skg. 28-1, LT-05132 Vilnius<br \/>\n(Entertainment center &#8220;Moon Play&#8221;)<\/p>\n<h4>Contacts<\/h4>\n<p>Phone: +370 664 90097<br \/>\nE-mail: info@padeltennis.lt<\/p>\n<h4>Working hours<\/h4>\n<p>Workdays 7:00 &#8211; 23:00<br \/>\nSaturdays 8:00 &#8211; 22:00<br \/>\nSundays 8:00 &#8211; 22:00<\/p>\n<\/div>\n<div class=\"col-xl-4 col-lg-5 col-sm-6 pt-3 pt-0\">\n<h4>Company details<\/h4>\n<p>JSC \u201ePadelio akademija\u201c<br \/>\nAddress: Ozo g. 41-101, LT-07171 Vilnius<br \/>\nCompany code: 306028828<br \/>\nVAT code: LT100014849013<\/p>\n<div class=\"social-icons clearfix\"><a class=\"facebook\" href=\"https:\/\/www.facebook.com\/ptennis.lt\/\" target=\"_blank\" rel=\"noopener noreferrer\">Facebook<\/a> <a class=\"instagram\" href=\"https:\/\/www.instagram.com\/padeltennis.lt\/\" target=\"_blank\" rel=\"noopener noreferrer\">Instagram<\/a> <a class=\"viber\" href=\"https:\/\/invite.viber.com\/?g2=AQAlPeCmKHtdMUp3mTQrlTPknalDMhXRLxpwwtr3lFvEmjpnk2cRneRYlgkL6mI2\" target=\"_blank\" rel=\"noopener noreferrer\">Viber<\/a><\/div>\n<\/div>\n<\/div>\n<p><\/p>","protected":false},"excerpt":{"rendered":"<p>Address Vir\u0161uli\u0161ki\u0173 skg. 28-1, LT-05132 Vilnius (Entertainment center &#8220;Moon Play&#8221;) Contacts Phone: +370 664 90097 E-mail: info@padeltennis.lt Working hours Workdays 7:00 &#8211; 23:00 Saturdays 8:00 &#8211; 22:00 Sundays 8:00 &#8211; 22:00 Company details JSC \u201ePadelio akademija\u201c Address: Ozo g. 41-101, LT-07171 Vilnius Company code: 306028828 VAT code: LT100014849013 Facebook Instagram Viber<\/p>\n","protected":false},"author":1,"featured_media":0,"parent":0,"menu_order":0,"comment_status":"closed","ping_status":"closed","template":"contacts.php","meta":[],"acf":[],"yoast_head":"<!-- This site is optimized with the Yoast SEO plugin v19.6.1 - https:\/\/yoast.com\/wordpress\/plugins\/seo\/ -->\n<title>Contacts - Padelio teniso arena<\/title>\n<meta name=\"description\" content=\"Vir\u0161uli\u0161ki\u0173 skg. 28-1, Vilnius (Laisvalaikio centras \u201eMoon Play\u201c). +370 618 60655. info@padeltennis.lt. Darbo laikas: I-V 7:00 \u2013 23:00, VI - VII 8:00 \u2013 22:00\" \/>\n<meta name=\"robots\" content=\"index, follow, max-snippet:-1, max-image-preview:large, max-video-preview:-1\" \/>\n<link rel=\"canonical\" href=\"https:\/\/www.padeltennis.lt\/en\/contacts\/\" \/>\n<meta property=\"og:locale\" content=\"en_US\" \/>\n<meta property=\"og:type\" content=\"article\" \/>\n<meta property=\"og:title\" content=\"Contacts - Padelio teniso arena\" \/>\n<meta property=\"og:description\" content=\"Vir\u0161uli\u0161ki\u0173 skg. 28-1, Vilnius (Laisvalaikio centras \u201eMoon Play\u201c). +370 618 60655. info@padeltennis.lt. Darbo laikas: I-V 7:00 \u2013 23:00, VI - VII 8:00 \u2013 22:00\" \/>\n<meta property=\"og:url\" content=\"https:\/\/www.padeltennis.lt\/en\/contacts\/\" \/>\n<meta property=\"og:site_name\" content=\"Padelio teniso arena\" \/>\n<meta property=\"article:publisher\" content=\"https:\/\/www.facebook.com\/ptennis.lt\/\" \/>\n<meta property=\"article:modified_time\" content=\"2025-04-11T10:59:43+00:00\" \/>\n<meta property=\"og:image\" content=\"https:\/\/www.padeltennis.lt\/wp-content\/uploads\/2019\/10\/share-min.jpg\" \/>\n\t<meta property=\"og:image:width\" content=\"1200\" \/>\n\t<meta property=\"og:image:height\" content=\"630\" \/>\n\t<meta property=\"og:image:type\" content=\"image\/jpeg\" \/>\n<meta name=\"twitter:card\" content=\"summary_large_image\" \/>\n<meta name=\"twitter:label1\" content=\"Est. reading time\" \/>\n\t<meta name=\"twitter:data1\" content=\"1 minute\" \/>\n<script type=\"application\/ld+json\" class=\"yoast-schema-graph\">{\"@context\":\"https:\/\/schema.org\",\"@graph\":[{\"@type\":\"WebPage\",\"@id\":\"https:\/\/www.padeltennis.lt\/en\/contacts\/\",\"url\":\"https:\/\/www.padeltennis.lt\/en\/contacts\/\",\"name\":\"Contacts - Padelio teniso arena\",\"isPartOf\":{\"@id\":\"https:\/\/www.padeltennis.lt\/lt\/#website\"},\"datePublished\":\"2019-10-16T11:52:20+00:00\",\"dateModified\":\"2025-04-11T10:59:43+00:00\",\"description\":\"Vir\u0161uli\u0161ki\u0173 skg. 28-1, Vilnius (Laisvalaikio centras \u201eMoon Play\u201c). +370 618 60655. info@padeltennis.lt. Darbo laikas: I-V 7:00 \u2013 23:00, VI - VII 8:00 \u2013 22:00\",\"breadcrumb\":{\"@id\":\"https:\/\/www.padeltennis.lt\/en\/contacts\/#breadcrumb\"},\"inLanguage\":\"en-US\",\"potentialAction\":[{\"@type\":\"ReadAction\",\"target\":[\"https:\/\/www.padeltennis.lt\/en\/contacts\/\"]}]},{\"@type\":\"BreadcrumbList\",\"@id\":\"https:\/\/www.padeltennis.lt\/en\/contacts\/#breadcrumb\",\"itemListElement\":[{\"@type\":\"ListItem\",\"position\":1,\"name\":\"Home\",\"item\":\"https:\/\/www.padeltennis.lt\/lt\/\"},{\"@type\":\"ListItem\",\"position\":2,\"name\":\"Contacts\"}]},{\"@type\":\"WebSite\",\"@id\":\"https:\/\/www.padeltennis.lt\/lt\/#website\",\"url\":\"https:\/\/www.padeltennis.lt\/lt\/\",\"name\":\"Padelio teniso arena\",\"description\":\"PadelTennis.lt\",\"potentialAction\":[{\"@type\":\"SearchAction\",\"target\":{\"@type\":\"EntryPoint\",\"urlTemplate\":\"https:\/\/www.padeltennis.lt\/lt\/?s={search_term_string}\"},\"query-input\":\"required name=search_term_string\"}],\"inLanguage\":\"en-US\"}]}<\/script>\n<!-- \/ Yoast SEO plugin. -->","yoast_head_json":{"title":"Contacts - Padelio teniso arena","description":"Vir\u0161uli\u0161ki\u0173 skg. 28-1, Vilnius (Laisvalaikio centras \u201eMoon Play\u201c). +370 618 60655. info@padeltennis.lt. Darbo laikas: I-V 7:00 \u2013 23:00, VI - VII 8:00 \u2013 22:00","robots":{"index":"index","follow":"follow","max-snippet":"max-snippet:-1","max-image-preview":"max-image-preview:large","max-video-preview":"max-video-preview:-1"},"canonical":"https:\/\/www.padeltennis.lt\/en\/contacts\/","og_locale":"en_US","og_type":"article","og_title":"Contacts - Padelio teniso arena","og_description":"Vir\u0161uli\u0161ki\u0173 skg. 28-1, Vilnius (Laisvalaikio centras \u201eMoon Play\u201c). +370 618 60655. info@padeltennis.lt. Darbo laikas: I-V 7:00 \u2013 23:00, VI - VII 8:00 \u2013 22:00","og_url":"https:\/\/www.padeltennis.lt\/en\/contacts\/","og_site_name":"Padelio teniso arena","article_publisher":"https:\/\/www.facebook.com\/ptennis.lt\/","article_modified_time":"2025-04-11T10:59:43+00:00","og_image":[{"width":1200,"height":630,"url":"https:\/\/www.padeltennis.lt\/wp-content\/uploads\/2019\/10\/share-min.jpg","type":"image\/jpeg"}],"twitter_card":"summary_large_image","twitter_misc":{"Est. reading time":"1 minute"},"schema":{"@context":"https:\/\/schema.org","@graph":[{"@type":"WebPage","@id":"https:\/\/www.padeltennis.lt\/en\/contacts\/","url":"https:\/\/www.padeltennis.lt\/en\/contacts\/","name":"Contacts - Padelio teniso arena","isPartOf":{"@id":"https:\/\/www.padeltennis.lt\/lt\/#website"},"datePublished":"2019-10-16T11:52:20+00:00","dateModified":"2025-04-11T10:59:43+00:00","description":"Vir\u0161uli\u0161ki\u0173 skg. 28-1, Vilnius (Laisvalaikio centras \u201eMoon Play\u201c). +370 618 60655. info@padeltennis.lt. Darbo laikas: I-V 7:00 \u2013 23:00, VI - VII 8:00 \u2013 22:00","breadcrumb":{"@id":"https:\/\/www.padeltennis.lt\/en\/contacts\/#breadcrumb"},"inLanguage":"en-US","potentialAction":[{"@type":"ReadAction","target":["https:\/\/www.padeltennis.lt\/en\/contacts\/"]}]},{"@type":"BreadcrumbList","@id":"https:\/\/www.padeltennis.lt\/en\/contacts\/#breadcrumb","itemListElement":[{"@type":"ListItem","position":1,"name":"Home","item":"https:\/\/www.padeltennis.lt\/lt\/"},{"@type":"ListItem","position":2,"name":"Contacts"}]},{"@type":"WebSite","@id":"https:\/\/www.padeltennis.lt\/lt\/#website","url":"https:\/\/www.padeltennis.lt\/lt\/","name":"Padelio teniso arena","description":"PadelTennis.lt","potentialAction":[{"@type":"SearchAction","target":{"@type":"EntryPoint","urlTemplate":"https:\/\/www.padeltennis.lt\/lt\/?s={search_term_string}"},"query-input":"required name=search_term_string"}],"inLanguage":"en-US"}]}},"_links":{"self":[{"href":"https:\/\/www.padeltennis.lt\/en\/wp-json\/wp\/v2\/pages\/11"}],"collection":[{"href":"https:\/\/www.padeltennis.lt\/en\/wp-json\/wp\/v2\/pages"}],"about":[{"href":"https:\/\/www.padeltennis.lt\/en\/wp-json\/wp\/v2\/types\/page"}],"author":[{"embeddable":true,"href":"https:\/\/www.padeltennis.lt\/en\/wp-json\/wp\/v2\/users\/1"}],"replies":[{"embeddable":true,"href":"https:\/\/www.padeltennis.lt\/en\/wp-json\/wp\/v2\/comments?post=11"}],"version-history":[{"count":57,"href":"https:\/\/www.padeltennis.lt\/en\/wp-json\/wp\/v2\/pages\/11\/revisions"}],"predecessor-version":[{"id":870,"href":"https:\/\/www.padeltennis.lt\/en\/wp-json\/wp\/v2\/pages\/11\/revisions\/870"}],"wp:attachment":[{"href":"https:\/\/www.padeltennis.lt\/en\/wp-json\/wp\/v2\/media?parent=11"}],"curies":[{"name":"wp","href":"https:\/\/api.w.org\/{rel}","templated":true}]}}